{"id":1366,"date":"2017-01-06T22:53:52","date_gmt":"2017-01-06T21:53:52","guid":{"rendered":"http:\/\/www.agenzia-domus.com\/wp\/?page_id=1366"},"modified":"2025-08-08T12:08:34","modified_gmt":"2025-08-08T10:08:34","slug":"properties-italy-%d0%b4%d0%be%d0%bc%d0%b0-omakotital-fastigheterot","status":"publish","type":"page","link":"https:\/\/www.agenzia-domus.com\/fr\/immobiliers-en-italie\/","title":{"rendered":"Immobiliers en Italie"},"content":{"rendered":"<p>Avec 7458 kilom\u00e8tres (environ 4634 milles) de c\u00f4tes m\u00e9diterran\u00e9ennes et une multitude de paysages et d&rsquo;habitats qui soutiennent l&rsquo;une des plus b\u00e9n\u00e9fiques de la plan\u00e8te, l&rsquo;Italie est un choix extraordinaire pour une maison avant m\u00eame d&rsquo;envisager son h\u00e9ritage historique , architectural et culturel, et la production alimentaire et viticole. Chaque r\u00e9gion offre un paysage diff\u00e9rent, avec sa propre flore, sa faune, ses caract\u00e9ristiques culturelles et historiques, et bien s\u00fbr, la cuisine et les vins. Cette vari\u00e9t\u00e9 incroyable, unique dans le monde et concentr\u00e9e dans un espace aussi \u00e9troit, vous permettra de voir et d&rsquo;appr\u00e9cier la vari\u00e9t\u00e9 d&rsquo;Italie, depuis votre maison en Italie.<\/p>\n<p>Nous offrons tout type de biens, parmi lesquels vous trouverez la solution qui convient au mieux \u00e0 vos besoins. Que vous cherchiez un petit investissement ou une maison r\u00e9sidentielle \u00e0 vivre avec votre famille, vous trouverez de petits appartements et de grandes maisons, situ\u00e9s au centre ou dans un quartier calme.<\/p>\n<p>ATTENTION: Nous avons d&rsquo;autres suggestions lesquelles nous ne sommes pas autoris\u00e9s \u00e0 publier sur le site pour la confidentialit\u00e9 demand\u00e9e par des propri\u00e9taires, mais nous avons la permission compl\u00e8te de les visiter. Pour conna\u00eetre toutes nos propositions, contactez-nous par t\u00e9l\u00e9phone au +39.0184.262368 ou par courriel \u00e0 info@agenzia-domus.it et prenez rendez-vous dans nos bureaux.<\/p>","protected":false},"excerpt":{"rendered":"<p>Avec 7458 kilom\u00e8tres (environ 4634 milles) de c\u00f4tes m\u00e9diterran\u00e9ennes et une multitude de paysages et d&rsquo;habitats qui soutiennent l&rsquo;une des plus b\u00e9n\u00e9fiques de la plan\u00e8te, l&rsquo;Italie est un choix extraordinaire pour une maison avant m\u00eame d&rsquo;envisager son h\u00e9ritage historique , architectural et culturel, et la production alimentaire et viticole. Chaque r\u00e9gion offre un paysage diff\u00e9rent,&hellip; <a class=\"more-link\" href=\"https:\/\/www.agenzia-domus.com\/fr\/property\/ag-dom-1386-appartement-de-prestige-renove-avec-vue-sur-la-mer\/\">Poursuivre la lecture <span class=\"screen-reader-text\">AG-DOM 1386 &#8211; Appartement de prestige renov\u00e9 avec vue sur la mer<\/span><\/a><\/p>\n","protected":false},"author":1,"featured_media":0,"parent":0,"menu_order":0,"comment_status":"closed","ping_status":"closed","template":"","meta":{"footnotes":""},"page_category":[1318],"page_tag":[],"class_list":["post-1366","page","type-page","status-publish","hentry","page_category-content-hubs","entry"],"yoast_head":"<!-- This site is optimized with the Yoast SEO plugin v27.3 - https:\/\/yoast.com\/product\/yoast-seo-wordpress\/ -->\n<title>Immobiliers en Italie<\/title>\n<meta name=\"description\" content=\"Agenzia Domus Immobiliers en Italie\" \/>\n<meta name=\"robots\" content=\"index, follow, max-snippet:-1, max-image-preview:large, max-video-preview:-1\" \/>\n<link rel=\"canonical\" href=\"https:\/\/www.agenzia-domus.com\/fr\/properties-in-italy\/\" \/>\n<meta property=\"og:locale\" content=\"fr_FR\" \/>\n<meta property=\"og:type\" content=\"article\" \/>\n<meta property=\"og:title\" content=\"Immobiliers en Italie\" \/>\n<meta property=\"og:description\" content=\"Agenzia Domus Immobiliers en Italie\" \/>\n<meta property=\"og:url\" content=\"https:\/\/www.agenzia-domus.com\/fr\/properties-in-italy\/\" \/>\n<meta property=\"og:site_name\" content=\"Agenzia Domus\" \/>\n<meta property=\"article:publisher\" content=\"https:\/\/www.facebook.com\/agdomus\/\" \/>\n<meta property=\"article:modified_time\" content=\"2025-08-08T10:08:34+00:00\" \/>\n<meta name=\"twitter:card\" content=\"summary_large_image\" \/>\n<meta name=\"twitter:label1\" content=\"Dur\u00e9e de lecture estim\u00e9e\" \/>\n\t<meta name=\"twitter:data1\" content=\"1 minute\" \/>\n<script type=\"application\/ld+json\" class=\"yoast-schema-graph\">{\"@context\":\"https:\\\/\\\/schema.org\",\"@graph\":[{\"@type\":\"WebPage\",\"@id\":\"https:\\\/\\\/www.agenzia-domus.com\\\/fr\\\/properties-in-italy\\\/\",\"url\":\"https:\\\/\\\/www.agenzia-domus.com\\\/fr\\\/properties-in-italy\\\/\",\"name\":\"Immobiliers en Italie\",\"isPartOf\":{\"@id\":\"https:\\\/\\\/www.agenzia-domus.com\\\/fr\\\/#website\"},\"datePublished\":\"2017-01-06T21:53:52+00:00\",\"dateModified\":\"2025-08-08T10:08:34+00:00\",\"description\":\"Agenzia Domus Immobiliers en Italie\",\"breadcrumb\":{\"@id\":\"https:\\\/\\\/www.agenzia-domus.com\\\/fr\\\/properties-in-italy\\\/#breadcrumb\"},\"inLanguage\":\"fr-FR\",\"potentialAction\":[{\"@type\":\"ReadAction\",\"target\":[[\"https:\\\/\\\/www.agenzia-domus.com\\\/fr\\\/properties-in-italy\\\/\"]]}]},{\"@type\":\"BreadcrumbList\",\"@id\":\"https:\\\/\\\/www.agenzia-domus.com\\\/fr\\\/properties-in-italy\\\/#breadcrumb\",\"itemListElement\":[{\"@type\":\"ListItem\",\"position\":1,\"name\":\"Home\",\"item\":\"https:\\\/\\\/www.agenzia-domus.com\\\/fr\\\/\"},{\"@type\":\"ListItem\",\"position\":2,\"name\":\"Properties in Italy\"}]},{\"@type\":\"WebSite\",\"@id\":\"https:\\\/\\\/www.agenzia-domus.com\\\/fr\\\/#website\",\"url\":\"https:\\\/\\\/www.agenzia-domus.com\\\/fr\\\/\",\"name\":\"Agenzia Domus\",\"description\":\"More than 50 years in the properties market!\",\"publisher\":{\"@id\":\"https:\\\/\\\/www.agenzia-domus.com\\\/fr\\\/#organization\"},\"potentialAction\":[{\"@type\":\"SearchAction\",\"target\":{\"@type\":\"EntryPoint\",\"urlTemplate\":\"https:\\\/\\\/www.agenzia-domus.com\\\/fr\\\/?s={search_term_string}\"},\"query-input\":{\"@type\":\"PropertyValueSpecification\",\"valueRequired\":true,\"valueName\":\"search_term_string\"}}],\"inLanguage\":\"fr-FR\"},{\"@type\":\"Organization\",\"@id\":\"https:\\\/\\\/www.agenzia-domus.com\\\/fr\\\/#organization\",\"name\":\"Agenzia Domus\",\"url\":\"https:\\\/\\\/www.agenzia-domus.com\\\/fr\\\/\",\"logo\":{\"@type\":\"ImageObject\",\"inLanguage\":\"fr-FR\",\"@id\":\"https:\\\/\\\/www.agenzia-domus.com\\\/fr\\\/#\\\/schema\\\/logo\\\/image\\\/\",\"url\":\"https:\\\/\\\/www.agenzia-domus.com\\\/wp-content\\\/uploads\\\/2022\\\/10\\\/cropped-Domus-Logo-blue.png\",\"contentUrl\":\"https:\\\/\\\/www.agenzia-domus.com\\\/wp-content\\\/uploads\\\/2022\\\/10\\\/cropped-Domus-Logo-blue.png\",\"width\":240,\"height\":87,\"caption\":\"Agenzia Domus\"},\"image\":{\"@id\":\"https:\\\/\\\/www.agenzia-domus.com\\\/fr\\\/#\\\/schema\\\/logo\\\/image\\\/\"},\"sameAs\":[\"https:\\\/\\\/www.facebook.com\\\/agdomus\\\/\",\"https:\\\/\\\/it.linkedin.com\\\/company\\\/agenzia-domus\",\"https:\\\/\\\/www.instagram.com\\\/agenziadomus\",\"https:\\\/\\\/www.youtube.com\\\/channel\\\/UCbIm796_hjwQTSdw9-5IX3Q\"]}]}<\/script>\n<!-- \/ Yoast SEO plugin. -->","yoast_head_json":{"title":"Immobiliers en Italie","description":"Agenzia Domus Immobiliers en Italie","robots":{"index":"index","follow":"follow","max-snippet":"max-snippet:-1","max-image-preview":"max-image-preview:large","max-video-preview":"max-video-preview:-1"},"canonical":"https:\/\/www.agenzia-domus.com\/fr\/properties-in-italy\/","og_locale":"fr_FR","og_type":"article","og_title":"Immobiliers en Italie","og_description":"Agenzia Domus Immobiliers en Italie","og_url":"https:\/\/www.agenzia-domus.com\/fr\/properties-in-italy\/","og_site_name":"Agenzia Domus","article_publisher":"https:\/\/www.facebook.com\/agdomus\/","article_modified_time":"2025-08-08T10:08:34+00:00","twitter_card":"summary_large_image","twitter_misc":{"Dur\u00e9e de lecture estim\u00e9e":"1 minute"},"schema":{"@context":"https:\/\/schema.org","@graph":[{"@type":"WebPage","@id":"https:\/\/www.agenzia-domus.com\/fr\/properties-in-italy\/","url":"https:\/\/www.agenzia-domus.com\/fr\/properties-in-italy\/","name":"Immobiliers en Italie","isPartOf":{"@id":"https:\/\/www.agenzia-domus.com\/fr\/#website"},"datePublished":"2017-01-06T21:53:52+00:00","dateModified":"2025-08-08T10:08:34+00:00","description":"Agenzia Domus Immobiliers en Italie","breadcrumb":{"@id":"https:\/\/www.agenzia-domus.com\/fr\/properties-in-italy\/#breadcrumb"},"inLanguage":"fr-FR","potentialAction":[{"@type":"ReadAction","target":[["https:\/\/www.agenzia-domus.com\/fr\/properties-in-italy\/"]]}]},{"@type":"BreadcrumbList","@id":"https:\/\/www.agenzia-domus.com\/fr\/properties-in-italy\/#breadcrumb","itemListElement":[{"@type":"ListItem","position":1,"name":"Home","item":"https:\/\/www.agenzia-domus.com\/fr\/"},{"@type":"ListItem","position":2,"name":"Properties in Italy"}]},{"@type":"WebSite","@id":"https:\/\/www.agenzia-domus.com\/fr\/#website","url":"https:\/\/www.agenzia-domus.com\/fr\/","name":"Agenzia Domus","description":"More than 50 years in the properties market!","publisher":{"@id":"https:\/\/www.agenzia-domus.com\/fr\/#organization"},"potentialAction":[{"@type":"SearchAction","target":{"@type":"EntryPoint","urlTemplate":"https:\/\/www.agenzia-domus.com\/fr\/?s={search_term_string}"},"query-input":{"@type":"PropertyValueSpecification","valueRequired":true,"valueName":"search_term_string"}}],"inLanguage":"fr-FR"},{"@type":"Organization","@id":"https:\/\/www.agenzia-domus.com\/fr\/#organization","name":"Agenzia Domus","url":"https:\/\/www.agenzia-domus.com\/fr\/","logo":{"@type":"ImageObject","inLanguage":"fr-FR","@id":"https:\/\/www.agenzia-domus.com\/fr\/#\/schema\/logo\/image\/","url":"https:\/\/www.agenzia-domus.com\/wp-content\/uploads\/2022\/10\/cropped-Domus-Logo-blue.png","contentUrl":"https:\/\/www.agenzia-domus.com\/wp-content\/uploads\/2022\/10\/cropped-Domus-Logo-blue.png","width":240,"height":87,"caption":"Agenzia Domus"},"image":{"@id":"https:\/\/www.agenzia-domus.com\/fr\/#\/schema\/logo\/image\/"},"sameAs":["https:\/\/www.facebook.com\/agdomus\/","https:\/\/it.linkedin.com\/company\/agenzia-domus","https:\/\/www.instagram.com\/agenziadomus","https:\/\/www.youtube.com\/channel\/UCbIm796_hjwQTSdw9-5IX3Q"]}]}},"_links":{"self":[{"href":"https:\/\/www.agenzia-domus.com\/fr\/wp-json\/wp\/v2\/pages\/1366","targetHints":{"allow":["GET"]}}],"collection":[{"href":"https:\/\/www.agenzia-domus.com\/fr\/wp-json\/wp\/v2\/pages"}],"about":[{"href":"https:\/\/www.agenzia-domus.com\/fr\/wp-json\/wp\/v2\/types\/page"}],"author":[{"embeddable":true,"href":"https:\/\/www.agenzia-domus.com\/fr\/wp-json\/wp\/v2\/users\/1"}],"replies":[{"embeddable":true,"href":"https:\/\/www.agenzia-domus.com\/fr\/wp-json\/wp\/v2\/comments?post=1366"}],"version-history":[{"count":9,"href":"https:\/\/www.agenzia-domus.com\/fr\/wp-json\/wp\/v2\/pages\/1366\/revisions"}],"predecessor-version":[{"id":52170,"href":"https:\/\/www.agenzia-domus.com\/fr\/wp-json\/wp\/v2\/pages\/1366\/revisions\/52170"}],"wp:attachment":[{"href":"https:\/\/www.agenzia-domus.com\/fr\/wp-json\/wp\/v2\/media?parent=1366"}],"wp:term":[{"taxonomy":"page_category","embeddable":true,"href":"https:\/\/www.agenzia-domus.com\/fr\/wp-json\/wp\/v2\/page_category?post=1366"},{"taxonomy":"page_tag","embeddable":true,"href":"https:\/\/www.agenzia-domus.com\/fr\/wp-json\/wp\/v2\/page_tag?post=1366"}],"curies":[{"name":"wp","href":"https:\/\/api.w.org\/{rel}","templated":true}]}}