{"id":1416,"date":"2017-01-06T23:27:16","date_gmt":"2017-01-06T22:27:16","guid":{"rendered":"http:\/\/www.agenzia-domus.com\/wp\/?page_id=1416"},"modified":"2025-08-08T12:07:57","modified_gmt":"2025-08-08T10:07:57","slug":"homes-riviera-case-doma-omakotitalot-fastigheter","status":"publish","type":"page","link":"https:\/\/www.agenzia-domus.com\/fr\/immobiliers-en-italie\/immobiliers-en-ligurie\/maison-riviera-de-ligurie\/","title":{"rendered":"Maison Riviera de Ligurie"},"content":{"rendered":"<p>La partie la plus occidentale de la Ligurie et notre principale base d&rsquo;op\u00e9rations, la Riviera de Ligurie, \u00e9galement connue sous le nom de Riviera di Ponente ou Riviera dei Fiori, offre de nombreux avantages, parmi lesquels la proximit\u00e9 de la France et de la C\u00f4te d&rsquo;Azur n&rsquo;est que la plus \u00e9vidente carte. Il y a Sanremo avec son casino et sa vie touristique, Ospedaletti avec sa tranquillit\u00e9 et son silence, Bordighera avec des commerces et la promenade de la mer &#8230; mais la c\u00f4te ouest s&rsquo;\u00e9tend jusqu&rsquo;\u00e0 Ventimiglia, avec son charmant village m\u00e9di\u00e9val (jamais suffisamment m\u00e9diatis\u00e9), les zones Grimaldi et Mortola, pr\u00e8s de la fronti\u00e8re, abritant des maisons historiques (Hanbury, Voronoff) et les adorables villages non littoraux: Dolceacqua, Bajardo, Perinaldo.<br \/>\nLe profil c\u00f4tier alternent entre les plages et les petits ports pour les amateurs de bateau, et une exposition exceptionnelle qui offre un climat doux m\u00eame en hiver, unique au nord de l&rsquo;Italie.<\/p>\n<p>Nous offrons tout type de biens, parmi lesquels vous trouverez la solution qui convient au mieux \u00e0 vos besoins. Que vous cherchiez un petit investissement ou une maison r\u00e9sidentielle \u00e0 vivre avec votre famille, vous trouverez de petits appartements et de grandes maisons, situ\u00e9s au centre ou dans un quartier calme.<\/p>\n<p>ATTENTION: Nous avons d&rsquo;autres suggestions lesquelles nous ne sommes pas autoris\u00e9s \u00e0 publier sur le site pour la confidentialit\u00e9 demand\u00e9e par des propri\u00e9taires, mais nous avons la permission compl\u00e8te de les visiter. Pour conna\u00eetre toutes nos propositions, contactez-nous par t\u00e9l\u00e9phone au +39.0184.262368 ou par courriel \u00e0 info@agenzia-domus.it et prenez rendez-vous dans nos bureaux.<\/p>","protected":false},"excerpt":{"rendered":"<p>La partie la plus occidentale de la Ligurie et notre principale base d&rsquo;op\u00e9rations, la Riviera de Ligurie, \u00e9galement connue sous le nom de Riviera di Ponente ou Riviera dei Fiori, offre de nombreux avantages, parmi lesquels la proximit\u00e9 de la France et de la C\u00f4te d&rsquo;Azur n&rsquo;est que la plus \u00e9vidente carte. Il y a&hellip; <a class=\"more-link\" href=\"https:\/\/www.agenzia-domus.com\/fr\/property\/ag-dom-1386-appartement-de-prestige-renove-avec-vue-sur-la-mer\/\">Poursuivre la lecture <span class=\"screen-reader-text\">AG-DOM 1386 &#8211; Appartement de prestige renov\u00e9 avec vue sur la mer<\/span><\/a><\/p>\n","protected":false},"author":1,"featured_media":0,"parent":1393,"menu_order":0,"comment_status":"closed","ping_status":"closed","template":"","meta":{"footnotes":""},"page_category":[1318],"page_tag":[],"class_list":["post-1416","page","type-page","status-publish","hentry","page_category-content-hubs","entry"],"yoast_head":"<!-- This site is optimized with the Yoast SEO plugin v27.3 - https:\/\/yoast.com\/product\/yoast-seo-wordpress\/ -->\n<title>Maison Riviera de Ligurie<\/title>\n<meta name=\"description\" content=\"Agenzia Domus Maison Riviera de Ligurie\" \/>\n<meta name=\"robots\" content=\"index, follow, max-snippet:-1, max-image-preview:large, max-video-preview:-1\" \/>\n<link rel=\"canonical\" href=\"https:\/\/www.agenzia-domus.com\/fr\/properties-in-italy\/homes-for-sale-in-liguria\/homes-riviera\/\" \/>\n<meta property=\"og:locale\" content=\"fr_FR\" \/>\n<meta property=\"og:type\" content=\"article\" \/>\n<meta property=\"og:title\" content=\"Maison Riviera de Ligurie\" \/>\n<meta property=\"og:description\" content=\"Agenzia Domus Maison Riviera de Ligurie\" \/>\n<meta property=\"og:url\" content=\"https:\/\/www.agenzia-domus.com\/fr\/properties-in-italy\/homes-for-sale-in-liguria\/homes-riviera\/\" \/>\n<meta property=\"og:site_name\" content=\"Agenzia Domus\" \/>\n<meta property=\"article:publisher\" content=\"https:\/\/www.facebook.com\/agdomus\/\" \/>\n<meta property=\"article:modified_time\" content=\"2025-08-08T10:07:57+00:00\" \/>\n<meta name=\"twitter:card\" content=\"summary_large_image\" \/>\n<meta name=\"twitter:label1\" content=\"Dur\u00e9e de lecture estim\u00e9e\" \/>\n\t<meta name=\"twitter:data1\" content=\"2 minutes\" \/>\n<script type=\"application\/ld+json\" class=\"yoast-schema-graph\">{\"@context\":\"https:\\\/\\\/schema.org\",\"@graph\":[{\"@type\":\"WebPage\",\"@id\":\"https:\\\/\\\/www.agenzia-domus.com\\\/fr\\\/properties-in-italy\\\/homes-for-sale-in-liguria\\\/homes-riviera\\\/\",\"url\":\"https:\\\/\\\/www.agenzia-domus.com\\\/fr\\\/properties-in-italy\\\/homes-for-sale-in-liguria\\\/homes-riviera\\\/\",\"name\":\"Maison Riviera de Ligurie\",\"isPartOf\":{\"@id\":\"https:\\\/\\\/www.agenzia-domus.com\\\/fr\\\/#website\"},\"datePublished\":\"2017-01-06T22:27:16+00:00\",\"dateModified\":\"2025-08-08T10:07:57+00:00\",\"description\":\"Agenzia Domus Maison Riviera de Ligurie\",\"breadcrumb\":{\"@id\":\"https:\\\/\\\/www.agenzia-domus.com\\\/fr\\\/properties-in-italy\\\/homes-for-sale-in-liguria\\\/homes-riviera\\\/#breadcrumb\"},\"inLanguage\":\"fr-FR\",\"potentialAction\":[{\"@type\":\"ReadAction\",\"target\":[[\"https:\\\/\\\/www.agenzia-domus.com\\\/fr\\\/properties-in-italy\\\/homes-for-sale-in-liguria\\\/homes-riviera\\\/\"]]}]},{\"@type\":\"BreadcrumbList\",\"@id\":\"https:\\\/\\\/www.agenzia-domus.com\\\/fr\\\/properties-in-italy\\\/homes-for-sale-in-liguria\\\/homes-riviera\\\/#breadcrumb\",\"itemListElement\":[{\"@type\":\"ListItem\",\"position\":1,\"name\":\"Home\",\"item\":\"https:\\\/\\\/www.agenzia-domus.com\\\/fr\\\/\"},{\"@type\":\"ListItem\",\"position\":2,\"name\":\"Properties in Italy\",\"item\":\"https:\\\/\\\/www.agenzia-domus.com\\\/fr\\\/properties-in-italy\\\/\"},{\"@type\":\"ListItem\",\"position\":3,\"name\":\"Homes for sale in Liguria\",\"item\":\"https:\\\/\\\/www.agenzia-domus.com\\\/fr\\\/properties-in-italy\\\/homes-for-sale-in-liguria\\\/\"},{\"@type\":\"ListItem\",\"position\":4,\"name\":\"Homes Riviera\"}]},{\"@type\":\"WebSite\",\"@id\":\"https:\\\/\\\/www.agenzia-domus.com\\\/fr\\\/#website\",\"url\":\"https:\\\/\\\/www.agenzia-domus.com\\\/fr\\\/\",\"name\":\"Agenzia Domus\",\"description\":\"More than 50 years in the properties market!\",\"publisher\":{\"@id\":\"https:\\\/\\\/www.agenzia-domus.com\\\/fr\\\/#organization\"},\"potentialAction\":[{\"@type\":\"SearchAction\",\"target\":{\"@type\":\"EntryPoint\",\"urlTemplate\":\"https:\\\/\\\/www.agenzia-domus.com\\\/fr\\\/?s={search_term_string}\"},\"query-input\":{\"@type\":\"PropertyValueSpecification\",\"valueRequired\":true,\"valueName\":\"search_term_string\"}}],\"inLanguage\":\"fr-FR\"},{\"@type\":\"Organization\",\"@id\":\"https:\\\/\\\/www.agenzia-domus.com\\\/fr\\\/#organization\",\"name\":\"Agenzia Domus\",\"url\":\"https:\\\/\\\/www.agenzia-domus.com\\\/fr\\\/\",\"logo\":{\"@type\":\"ImageObject\",\"inLanguage\":\"fr-FR\",\"@id\":\"https:\\\/\\\/www.agenzia-domus.com\\\/fr\\\/#\\\/schema\\\/logo\\\/image\\\/\",\"url\":\"https:\\\/\\\/www.agenzia-domus.com\\\/wp-content\\\/uploads\\\/2022\\\/10\\\/cropped-Domus-Logo-blue.png\",\"contentUrl\":\"https:\\\/\\\/www.agenzia-domus.com\\\/wp-content\\\/uploads\\\/2022\\\/10\\\/cropped-Domus-Logo-blue.png\",\"width\":240,\"height\":87,\"caption\":\"Agenzia Domus\"},\"image\":{\"@id\":\"https:\\\/\\\/www.agenzia-domus.com\\\/fr\\\/#\\\/schema\\\/logo\\\/image\\\/\"},\"sameAs\":[\"https:\\\/\\\/www.facebook.com\\\/agdomus\\\/\",\"https:\\\/\\\/it.linkedin.com\\\/company\\\/agenzia-domus\",\"https:\\\/\\\/www.instagram.com\\\/agenziadomus\",\"https:\\\/\\\/www.youtube.com\\\/channel\\\/UCbIm796_hjwQTSdw9-5IX3Q\"]}]}<\/script>\n<!-- \/ Yoast SEO plugin. -->","yoast_head_json":{"title":"Maison Riviera de Ligurie","description":"Agenzia Domus Maison Riviera de Ligurie","robots":{"index":"index","follow":"follow","max-snippet":"max-snippet:-1","max-image-preview":"max-image-preview:large","max-video-preview":"max-video-preview:-1"},"canonical":"https:\/\/www.agenzia-domus.com\/fr\/properties-in-italy\/homes-for-sale-in-liguria\/homes-riviera\/","og_locale":"fr_FR","og_type":"article","og_title":"Maison Riviera de Ligurie","og_description":"Agenzia Domus Maison Riviera de Ligurie","og_url":"https:\/\/www.agenzia-domus.com\/fr\/properties-in-italy\/homes-for-sale-in-liguria\/homes-riviera\/","og_site_name":"Agenzia Domus","article_publisher":"https:\/\/www.facebook.com\/agdomus\/","article_modified_time":"2025-08-08T10:07:57+00:00","twitter_card":"summary_large_image","twitter_misc":{"Dur\u00e9e de lecture estim\u00e9e":"2 minutes"},"schema":{"@context":"https:\/\/schema.org","@graph":[{"@type":"WebPage","@id":"https:\/\/www.agenzia-domus.com\/fr\/properties-in-italy\/homes-for-sale-in-liguria\/homes-riviera\/","url":"https:\/\/www.agenzia-domus.com\/fr\/properties-in-italy\/homes-for-sale-in-liguria\/homes-riviera\/","name":"Maison Riviera de Ligurie","isPartOf":{"@id":"https:\/\/www.agenzia-domus.com\/fr\/#website"},"datePublished":"2017-01-06T22:27:16+00:00","dateModified":"2025-08-08T10:07:57+00:00","description":"Agenzia Domus Maison Riviera de Ligurie","breadcrumb":{"@id":"https:\/\/www.agenzia-domus.com\/fr\/properties-in-italy\/homes-for-sale-in-liguria\/homes-riviera\/#breadcrumb"},"inLanguage":"fr-FR","potentialAction":[{"@type":"ReadAction","target":[["https:\/\/www.agenzia-domus.com\/fr\/properties-in-italy\/homes-for-sale-in-liguria\/homes-riviera\/"]]}]},{"@type":"BreadcrumbList","@id":"https:\/\/www.agenzia-domus.com\/fr\/properties-in-italy\/homes-for-sale-in-liguria\/homes-riviera\/#breadcrumb","itemListElement":[{"@type":"ListItem","position":1,"name":"Home","item":"https:\/\/www.agenzia-domus.com\/fr\/"},{"@type":"ListItem","position":2,"name":"Properties in Italy","item":"https:\/\/www.agenzia-domus.com\/fr\/properties-in-italy\/"},{"@type":"ListItem","position":3,"name":"Homes for sale in Liguria","item":"https:\/\/www.agenzia-domus.com\/fr\/properties-in-italy\/homes-for-sale-in-liguria\/"},{"@type":"ListItem","position":4,"name":"Homes Riviera"}]},{"@type":"WebSite","@id":"https:\/\/www.agenzia-domus.com\/fr\/#website","url":"https:\/\/www.agenzia-domus.com\/fr\/","name":"Agenzia Domus","description":"More than 50 years in the properties market!","publisher":{"@id":"https:\/\/www.agenzia-domus.com\/fr\/#organization"},"potentialAction":[{"@type":"SearchAction","target":{"@type":"EntryPoint","urlTemplate":"https:\/\/www.agenzia-domus.com\/fr\/?s={search_term_string}"},"query-input":{"@type":"PropertyValueSpecification","valueRequired":true,"valueName":"search_term_string"}}],"inLanguage":"fr-FR"},{"@type":"Organization","@id":"https:\/\/www.agenzia-domus.com\/fr\/#organization","name":"Agenzia Domus","url":"https:\/\/www.agenzia-domus.com\/fr\/","logo":{"@type":"ImageObject","inLanguage":"fr-FR","@id":"https:\/\/www.agenzia-domus.com\/fr\/#\/schema\/logo\/image\/","url":"https:\/\/www.agenzia-domus.com\/wp-content\/uploads\/2022\/10\/cropped-Domus-Logo-blue.png","contentUrl":"https:\/\/www.agenzia-domus.com\/wp-content\/uploads\/2022\/10\/cropped-Domus-Logo-blue.png","width":240,"height":87,"caption":"Agenzia Domus"},"image":{"@id":"https:\/\/www.agenzia-domus.com\/fr\/#\/schema\/logo\/image\/"},"sameAs":["https:\/\/www.facebook.com\/agdomus\/","https:\/\/it.linkedin.com\/company\/agenzia-domus","https:\/\/www.instagram.com\/agenziadomus","https:\/\/www.youtube.com\/channel\/UCbIm796_hjwQTSdw9-5IX3Q"]}]}},"_links":{"self":[{"href":"https:\/\/www.agenzia-domus.com\/fr\/wp-json\/wp\/v2\/pages\/1416","targetHints":{"allow":["GET"]}}],"collection":[{"href":"https:\/\/www.agenzia-domus.com\/fr\/wp-json\/wp\/v2\/pages"}],"about":[{"href":"https:\/\/www.agenzia-domus.com\/fr\/wp-json\/wp\/v2\/types\/page"}],"author":[{"embeddable":true,"href":"https:\/\/www.agenzia-domus.com\/fr\/wp-json\/wp\/v2\/users\/1"}],"replies":[{"embeddable":true,"href":"https:\/\/www.agenzia-domus.com\/fr\/wp-json\/wp\/v2\/comments?post=1416"}],"version-history":[{"count":7,"href":"https:\/\/www.agenzia-domus.com\/fr\/wp-json\/wp\/v2\/pages\/1416\/revisions"}],"predecessor-version":[{"id":52168,"href":"https:\/\/www.agenzia-domus.com\/fr\/wp-json\/wp\/v2\/pages\/1416\/revisions\/52168"}],"up":[{"embeddable":true,"href":"https:\/\/www.agenzia-domus.com\/fr\/wp-json\/wp\/v2\/pages\/1393"}],"wp:attachment":[{"href":"https:\/\/www.agenzia-domus.com\/fr\/wp-json\/wp\/v2\/media?parent=1416"}],"wp:term":[{"taxonomy":"page_category","embeddable":true,"href":"https:\/\/www.agenzia-domus.com\/fr\/wp-json\/wp\/v2\/page_category?post=1416"},{"taxonomy":"page_tag","embeddable":true,"href":"https:\/\/www.agenzia-domus.com\/fr\/wp-json\/wp\/v2\/page_tag?post=1416"}],"curies":[{"name":"wp","href":"https:\/\/api.w.org\/{rel}","templated":true}]}}