{"id":1549,"date":"2017-01-07T00:29:50","date_gmt":"2017-01-06T23:29:50","guid":{"rendered":"http:\/\/www.agenzia-domus.com\/wp\/?page_id=1549"},"modified":"2025-08-11T11:39:39","modified_gmt":"2025-08-11T09:39:39","slug":"villas-mortola-grimaldi","status":"publish","type":"page","link":"https:\/\/www.agenzia-domus.com\/fr\/villas-italie\/villas-liguria\/villas-in-the-italian-riviera\/villas-a-mortola-grimaldi\/","title":{"rendered":"Villas \u00e0 Mortola-Grimaldi"},"content":{"rendered":"<p>Nous proposons des villas, des maisons individuelles et des habitations ind\u00e9pendantes situ\u00e9es sur les collines, b\u00e9n\u00e9ficiant d\u2019une vue mer spectaculaire.<br \/>\nDans cette cat\u00e9gorie de biens, nous ne pr\u00e9sentons pas uniquement des villas de luxe, mais \u00e9galement des maisons familiales et jumel\u00e9es, des solutions offrant un maximum de tranquillit\u00e9 et de silence, \u00e9loign\u00e9es du centre-ville, et dot\u00e9es d\u2019espaces ext\u00e9rieurs tels que jardin, potager, piscine, ainsi que de places de stationnement ou de garages.<\/p>\n<p>ATTENTION: Nous avons d\u2019autres suggestions lesquelles nous ne sommes pas autoris\u00e9s \u00e0 publier sur le site pour la confidentialit\u00e9 demand\u00e9e par des propri\u00e9taires, mais nous avons la permission compl\u00e8te de les visiter. Pour conna\u00eetre toutes nos propositions, contactez-nous par t\u00e9l\u00e9phone au +39.0184.262368 ou par courriel \u00e0 info@agenzia-domus.it et prenez rendez-vous dans nos bureaux.<\/p>\n<p>       <ul class=\"post-listing\">\n                        <li id=\"post-22690\" class=\"post-22690 property type-property status-publish has-post-thumbnail hentry propertytype-villa city-ventimiglia lease_terms-sale entry\">\n\t\t\t\t<div class=\"list-thumb\"><a href=\"https:\/\/www.agenzia-domus.com\/fr\/property\/ag-dom-f147-elegante-villa-avec-piscine-et-vue-mer\/\"><img loading=\"lazy\" decoding=\"async\" width=\"750\" height=\"500\" src=\"https:\/\/www.agenzia-domus.com\/wp-content\/uploads\/2022\/10\/74-1-1024x683.jpg\" class=\"attachment-large size-large wp-post-image\" alt=\"\" srcset=\"https:\/\/www.agenzia-domus.com\/wp-content\/uploads\/2022\/10\/74-1-1024x683.jpg 1024w, https:\/\/www.agenzia-domus.com\/wp-content\/uploads\/2022\/10\/74-1-300x200.jpg 300w, https:\/\/www.agenzia-domus.com\/wp-content\/uploads\/2022\/10\/74-1-1536x1024.jpg 1536w, https:\/\/www.agenzia-domus.com\/wp-content\/uploads\/2022\/10\/74-1-2048x1365.jpg 2048w, https:\/\/www.agenzia-domus.com\/wp-content\/uploads\/2022\/10\/74-1-1200x800.jpg 1200w, https:\/\/www.agenzia-domus.com\/wp-content\/uploads\/2022\/10\/74-1-195x130.jpg 195w\" sizes=\"auto, (max-width: 750px) 100vw, 750px\" style=\"width:100%;height:66.67%;max-width:2400px;\" \/><\/a><\/div>\n                <span class=\"title\"><a href=\"https:\/\/www.agenzia-domus.com\/fr\/property\/ag-dom-f147-elegante-villa-avec-piscine-et-vue-mer\/\">AG-DOM F147 &#8211; El\u00e9gante villa avec piscine et vue mer<\/a><\/span>\n            <\/li>\n                        <li id=\"post-55252\" class=\"post-55252 property type-property status-publish has-post-thumbnail hentry propertytype-villa city-ventimiglia lease_terms-sale entry\">\n\t\t\t\t<div class=\"list-thumb\"><a href=\"https:\/\/www.agenzia-domus.com\/fr\/property\/ag-dom-f159-villa-historique-avec-vue-sur-la-mer-a-vendre-a-mortola\/\"><img loading=\"lazy\" decoding=\"async\" width=\"750\" height=\"563\" src=\"https:\/\/www.agenzia-domus.com\/wp-content\/uploads\/2025\/11\/DJI_0186-1-1-1024x768.jpg\" class=\"attachment-large size-large wp-post-image\" alt=\"\" srcset=\"https:\/\/www.agenzia-domus.com\/wp-content\/uploads\/2025\/11\/DJI_0186-1-1-1024x768.jpg 1024w, https:\/\/www.agenzia-domus.com\/wp-content\/uploads\/2025\/11\/DJI_0186-1-1-300x225.jpg 300w, https:\/\/www.agenzia-domus.com\/wp-content\/uploads\/2025\/11\/DJI_0186-1-1-500x375.jpg 500w, https:\/\/www.agenzia-domus.com\/wp-content\/uploads\/2025\/11\/DJI_0186-1-1-1536x1152.jpg 1536w\" sizes=\"auto, (max-width: 750px) 100vw, 750px\" style=\"width:100%;height:74.99%;max-width:2667px;\" \/><\/a><\/div>\n                <span class=\"title\"><a href=\"https:\/\/www.agenzia-domus.com\/fr\/property\/ag-dom-f159-villa-historique-avec-vue-sur-la-mer-a-vendre-a-mortola\/\">AG-DOM F159 &#8211;  Villa historique avec vue sur la mer \u00e0 vendre \u00e0 Mortola<\/a><\/span>\n            <\/li>\n                    <\/ul>\n    <br \/>\n       <ul class=\"post-listing\">\n                        <li id=\"post-60283\" class=\"post-60283 property type-property status-publish has-post-thumbnail hentry propertytype-apartment city-ventimiglia lease_terms-sale entry\">\n\t\t\t\t<div class=\"list-thumb\"><a href=\"https:\/\/www.agenzia-domus.com\/fr\/property\/ag-dom-f162-propriete-de-prestige-a-vendre-a-ventimiglia\/\"><img loading=\"lazy\" decoding=\"async\" width=\"750\" height=\"500\" src=\"https:\/\/www.agenzia-domus.com\/wp-content\/uploads\/2026\/04\/04-1024x683.jpg\" class=\"attachment-large size-large wp-post-image\" alt=\"\" srcset=\"https:\/\/www.agenzia-domus.com\/wp-content\/uploads\/2026\/04\/04-1024x683.jpg 1024w, https:\/\/www.agenzia-domus.com\/wp-content\/uploads\/2026\/04\/04-300x200.jpg 300w, https:\/\/www.agenzia-domus.com\/wp-content\/uploads\/2026\/04\/04-500x333.jpg 500w, https:\/\/www.agenzia-domus.com\/wp-content\/uploads\/2026\/04\/04.jpg 1500w\" sizes=\"auto, (max-width: 750px) 100vw, 750px\" style=\"width:100%;height:66.67%;max-width:1500px;\" \/><\/a><\/div>\n                <span class=\"title\"><a href=\"https:\/\/www.agenzia-domus.com\/fr\/property\/ag-dom-f162-propriete-de-prestige-a-vendre-a-ventimiglia\/\">AG-DOM F162 \u2013 Propri\u00e9t\u00e9 de prestige \u00e0 vendre \u00e0 Ventimiglia<\/a><\/span>\n            <\/li>\n                    <\/ul>\n    <\/p>","protected":false},"excerpt":{"rendered":"<p>Nous proposons des villas, des maisons individuelles et des habitations ind\u00e9pendantes situ\u00e9es sur les collines, b\u00e9n\u00e9ficiant d\u2019une vue mer spectaculaire. Dans cette cat\u00e9gorie de biens, nous ne pr\u00e9sentons pas uniquement des villas de luxe, mais \u00e9galement des maisons familiales et jumel\u00e9es, des solutions offrant un maximum de tranquillit\u00e9 et de silence, \u00e9loign\u00e9es du centre-ville, et&hellip; <a class=\"more-link\" href=\"https:\/\/www.agenzia-domus.com\/fr\/property\/ag-dom-f162-propriete-de-prestige-a-vendre-a-ventimiglia\/\">Poursuivre la lecture <span class=\"screen-reader-text\">AG-DOM F162 \u2013 Propri\u00e9t\u00e9 de prestige \u00e0 vendre \u00e0 Ventimiglia<\/span><\/a><\/p>\n","protected":false},"author":1,"featured_media":0,"parent":1420,"menu_order":0,"comment_status":"closed","ping_status":"closed","template":"","meta":{"footnotes":""},"page_category":[1318],"page_tag":[],"class_list":["post-1549","page","type-page","status-publish","hentry","page_category-content-hubs","entry"],"yoast_head":"<!-- This site is optimized with the Yoast SEO plugin v27.5 - https:\/\/yoast.com\/product\/yoast-seo-wordpress\/ -->\n<title>Villas \u00e0 Mortola-Grimaldi<\/title>\n<meta name=\"description\" content=\"Agenzia Domus Villas \u00e0 Mortola-Grimaldi\" \/>\n<meta name=\"robots\" content=\"index, follow, max-snippet:-1, max-image-preview:large, max-video-preview:-1\" \/>\n<link rel=\"canonical\" href=\"https:\/\/www.agenzia-domus.com\/fr\/villas-italy\/villas-liguria\/villas-in-the-italian-riviera\/villas-mortola-grimaldi\/\" \/>\n<meta property=\"og:locale\" content=\"fr_FR\" \/>\n<meta property=\"og:type\" content=\"article\" \/>\n<meta property=\"og:title\" content=\"Villas \u00e0 Mortola-Grimaldi\" \/>\n<meta property=\"og:description\" content=\"Agenzia Domus Villas \u00e0 Mortola-Grimaldi\" \/>\n<meta property=\"og:url\" content=\"https:\/\/www.agenzia-domus.com\/fr\/villas-italy\/villas-liguria\/villas-in-the-italian-riviera\/villas-mortola-grimaldi\/\" \/>\n<meta property=\"og:site_name\" content=\"Agenzia Domus\" \/>\n<meta property=\"article:publisher\" content=\"https:\/\/www.facebook.com\/agdomus\/\" \/>\n<meta property=\"article:modified_time\" content=\"2025-08-11T09:39:39+00:00\" \/>\n<meta name=\"twitter:card\" content=\"summary_large_image\" \/>\n<meta name=\"twitter:label1\" content=\"Dur\u00e9e de lecture estim\u00e9e\" \/>\n\t<meta name=\"twitter:data1\" content=\"1 minute\" \/>\n<script type=\"application\/ld+json\" class=\"yoast-schema-graph\">{\"@context\":\"https:\\\/\\\/schema.org\",\"@graph\":[{\"@type\":\"WebPage\",\"@id\":\"https:\\\/\\\/www.agenzia-domus.com\\\/fr\\\/villas-italy\\\/villas-liguria\\\/villas-in-the-italian-riviera\\\/villas-mortola-grimaldi\\\/\",\"url\":\"https:\\\/\\\/www.agenzia-domus.com\\\/fr\\\/villas-italy\\\/villas-liguria\\\/villas-in-the-italian-riviera\\\/villas-mortola-grimaldi\\\/\",\"name\":\"Villas \u00e0 Mortola-Grimaldi\",\"isPartOf\":{\"@id\":\"https:\\\/\\\/www.agenzia-domus.com\\\/fr\\\/#website\"},\"datePublished\":\"2017-01-06T23:29:50+00:00\",\"dateModified\":\"2025-08-11T09:39:39+00:00\",\"description\":\"Agenzia Domus Villas \u00e0 Mortola-Grimaldi\",\"breadcrumb\":{\"@id\":\"https:\\\/\\\/www.agenzia-domus.com\\\/fr\\\/villas-italy\\\/villas-liguria\\\/villas-in-the-italian-riviera\\\/villas-mortola-grimaldi\\\/#breadcrumb\"},\"inLanguage\":\"fr-FR\",\"potentialAction\":[{\"@type\":\"ReadAction\",\"target\":[[\"https:\\\/\\\/www.agenzia-domus.com\\\/fr\\\/villas-italy\\\/villas-liguria\\\/villas-in-the-italian-riviera\\\/villas-mortola-grimaldi\\\/\"]]}]},{\"@type\":\"BreadcrumbList\",\"@id\":\"https:\\\/\\\/www.agenzia-domus.com\\\/fr\\\/villas-italy\\\/villas-liguria\\\/villas-in-the-italian-riviera\\\/villas-mortola-grimaldi\\\/#breadcrumb\",\"itemListElement\":[{\"@type\":\"ListItem\",\"position\":1,\"name\":\"Home\",\"item\":\"https:\\\/\\\/www.agenzia-domus.com\\\/fr\\\/\"},{\"@type\":\"ListItem\",\"position\":2,\"name\":\"Villas Italy\",\"item\":\"https:\\\/\\\/www.agenzia-domus.com\\\/fr\\\/villas-italy\\\/\"},{\"@type\":\"ListItem\",\"position\":3,\"name\":\"villas-liguria\",\"item\":\"https:\\\/\\\/www.agenzia-domus.com\\\/fr\\\/villas-italy\\\/villas-liguria\\\/\"},{\"@type\":\"ListItem\",\"position\":4,\"name\":\"Villas in the Italian Riviera\",\"item\":\"https:\\\/\\\/www.agenzia-domus.com\\\/fr\\\/villas-italy\\\/villas-liguria\\\/villas-in-the-italian-riviera\\\/\"},{\"@type\":\"ListItem\",\"position\":5,\"name\":\"Villas Mortola Grimaldi\"}]},{\"@type\":\"WebSite\",\"@id\":\"https:\\\/\\\/www.agenzia-domus.com\\\/fr\\\/#website\",\"url\":\"https:\\\/\\\/www.agenzia-domus.com\\\/fr\\\/\",\"name\":\"Agenzia Domus\",\"description\":\"More than 50 years in the properties market!\",\"publisher\":{\"@id\":\"https:\\\/\\\/www.agenzia-domus.com\\\/fr\\\/#organization\"},\"potentialAction\":[{\"@type\":\"SearchAction\",\"target\":{\"@type\":\"EntryPoint\",\"urlTemplate\":\"https:\\\/\\\/www.agenzia-domus.com\\\/fr\\\/?s={search_term_string}\"},\"query-input\":{\"@type\":\"PropertyValueSpecification\",\"valueRequired\":true,\"valueName\":\"search_term_string\"}}],\"inLanguage\":\"fr-FR\"},{\"@type\":\"Organization\",\"@id\":\"https:\\\/\\\/www.agenzia-domus.com\\\/fr\\\/#organization\",\"name\":\"Agenzia Domus\",\"url\":\"https:\\\/\\\/www.agenzia-domus.com\\\/fr\\\/\",\"logo\":{\"@type\":\"ImageObject\",\"inLanguage\":\"fr-FR\",\"@id\":\"https:\\\/\\\/www.agenzia-domus.com\\\/fr\\\/#\\\/schema\\\/logo\\\/image\\\/\",\"url\":\"https:\\\/\\\/www.agenzia-domus.com\\\/wp-content\\\/uploads\\\/2022\\\/10\\\/cropped-Domus-Logo-blue.png\",\"contentUrl\":\"https:\\\/\\\/www.agenzia-domus.com\\\/wp-content\\\/uploads\\\/2022\\\/10\\\/cropped-Domus-Logo-blue.png\",\"width\":240,\"height\":87,\"caption\":\"Agenzia Domus\"},\"image\":{\"@id\":\"https:\\\/\\\/www.agenzia-domus.com\\\/fr\\\/#\\\/schema\\\/logo\\\/image\\\/\"},\"sameAs\":[\"https:\\\/\\\/www.facebook.com\\\/agdomus\\\/\",\"https:\\\/\\\/it.linkedin.com\\\/company\\\/agenzia-domus\",\"https:\\\/\\\/www.instagram.com\\\/agenziadomus\",\"https:\\\/\\\/www.youtube.com\\\/channel\\\/UCbIm796_hjwQTSdw9-5IX3Q\"]}]}<\/script>\n<!-- \/ Yoast SEO plugin. -->","yoast_head_json":{"title":"Villas \u00e0 Mortola-Grimaldi","description":"Agenzia Domus Villas \u00e0 Mortola-Grimaldi","robots":{"index":"index","follow":"follow","max-snippet":"max-snippet:-1","max-image-preview":"max-image-preview:large","max-video-preview":"max-video-preview:-1"},"canonical":"https:\/\/www.agenzia-domus.com\/fr\/villas-italy\/villas-liguria\/villas-in-the-italian-riviera\/villas-mortola-grimaldi\/","og_locale":"fr_FR","og_type":"article","og_title":"Villas \u00e0 Mortola-Grimaldi","og_description":"Agenzia Domus Villas \u00e0 Mortola-Grimaldi","og_url":"https:\/\/www.agenzia-domus.com\/fr\/villas-italy\/villas-liguria\/villas-in-the-italian-riviera\/villas-mortola-grimaldi\/","og_site_name":"Agenzia Domus","article_publisher":"https:\/\/www.facebook.com\/agdomus\/","article_modified_time":"2025-08-11T09:39:39+00:00","twitter_card":"summary_large_image","twitter_misc":{"Dur\u00e9e de lecture estim\u00e9e":"1 minute"},"schema":{"@context":"https:\/\/schema.org","@graph":[{"@type":"WebPage","@id":"https:\/\/www.agenzia-domus.com\/fr\/villas-italy\/villas-liguria\/villas-in-the-italian-riviera\/villas-mortola-grimaldi\/","url":"https:\/\/www.agenzia-domus.com\/fr\/villas-italy\/villas-liguria\/villas-in-the-italian-riviera\/villas-mortola-grimaldi\/","name":"Villas \u00e0 Mortola-Grimaldi","isPartOf":{"@id":"https:\/\/www.agenzia-domus.com\/fr\/#website"},"datePublished":"2017-01-06T23:29:50+00:00","dateModified":"2025-08-11T09:39:39+00:00","description":"Agenzia Domus Villas \u00e0 Mortola-Grimaldi","breadcrumb":{"@id":"https:\/\/www.agenzia-domus.com\/fr\/villas-italy\/villas-liguria\/villas-in-the-italian-riviera\/villas-mortola-grimaldi\/#breadcrumb"},"inLanguage":"fr-FR","potentialAction":[{"@type":"ReadAction","target":[["https:\/\/www.agenzia-domus.com\/fr\/villas-italy\/villas-liguria\/villas-in-the-italian-riviera\/villas-mortola-grimaldi\/"]]}]},{"@type":"BreadcrumbList","@id":"https:\/\/www.agenzia-domus.com\/fr\/villas-italy\/villas-liguria\/villas-in-the-italian-riviera\/villas-mortola-grimaldi\/#breadcrumb","itemListElement":[{"@type":"ListItem","position":1,"name":"Home","item":"https:\/\/www.agenzia-domus.com\/fr\/"},{"@type":"ListItem","position":2,"name":"Villas Italy","item":"https:\/\/www.agenzia-domus.com\/fr\/villas-italy\/"},{"@type":"ListItem","position":3,"name":"villas-liguria","item":"https:\/\/www.agenzia-domus.com\/fr\/villas-italy\/villas-liguria\/"},{"@type":"ListItem","position":4,"name":"Villas in the Italian Riviera","item":"https:\/\/www.agenzia-domus.com\/fr\/villas-italy\/villas-liguria\/villas-in-the-italian-riviera\/"},{"@type":"ListItem","position":5,"name":"Villas Mortola Grimaldi"}]},{"@type":"WebSite","@id":"https:\/\/www.agenzia-domus.com\/fr\/#website","url":"https:\/\/www.agenzia-domus.com\/fr\/","name":"Agenzia Domus","description":"More than 50 years in the properties market!","publisher":{"@id":"https:\/\/www.agenzia-domus.com\/fr\/#organization"},"potentialAction":[{"@type":"SearchAction","target":{"@type":"EntryPoint","urlTemplate":"https:\/\/www.agenzia-domus.com\/fr\/?s={search_term_string}"},"query-input":{"@type":"PropertyValueSpecification","valueRequired":true,"valueName":"search_term_string"}}],"inLanguage":"fr-FR"},{"@type":"Organization","@id":"https:\/\/www.agenzia-domus.com\/fr\/#organization","name":"Agenzia Domus","url":"https:\/\/www.agenzia-domus.com\/fr\/","logo":{"@type":"ImageObject","inLanguage":"fr-FR","@id":"https:\/\/www.agenzia-domus.com\/fr\/#\/schema\/logo\/image\/","url":"https:\/\/www.agenzia-domus.com\/wp-content\/uploads\/2022\/10\/cropped-Domus-Logo-blue.png","contentUrl":"https:\/\/www.agenzia-domus.com\/wp-content\/uploads\/2022\/10\/cropped-Domus-Logo-blue.png","width":240,"height":87,"caption":"Agenzia Domus"},"image":{"@id":"https:\/\/www.agenzia-domus.com\/fr\/#\/schema\/logo\/image\/"},"sameAs":["https:\/\/www.facebook.com\/agdomus\/","https:\/\/it.linkedin.com\/company\/agenzia-domus","https:\/\/www.instagram.com\/agenziadomus","https:\/\/www.youtube.com\/channel\/UCbIm796_hjwQTSdw9-5IX3Q"]}]}},"_links":{"self":[{"href":"https:\/\/www.agenzia-domus.com\/fr\/wp-json\/wp\/v2\/pages\/1549","targetHints":{"allow":["GET"]}}],"collection":[{"href":"https:\/\/www.agenzia-domus.com\/fr\/wp-json\/wp\/v2\/pages"}],"about":[{"href":"https:\/\/www.agenzia-domus.com\/fr\/wp-json\/wp\/v2\/types\/page"}],"author":[{"embeddable":true,"href":"https:\/\/www.agenzia-domus.com\/fr\/wp-json\/wp\/v2\/users\/1"}],"replies":[{"embeddable":true,"href":"https:\/\/www.agenzia-domus.com\/fr\/wp-json\/wp\/v2\/comments?post=1549"}],"version-history":[{"count":5,"href":"https:\/\/www.agenzia-domus.com\/fr\/wp-json\/wp\/v2\/pages\/1549\/revisions"}],"predecessor-version":[{"id":52646,"href":"https:\/\/www.agenzia-domus.com\/fr\/wp-json\/wp\/v2\/pages\/1549\/revisions\/52646"}],"up":[{"embeddable":true,"href":"https:\/\/www.agenzia-domus.com\/fr\/wp-json\/wp\/v2\/pages\/1420"}],"wp:attachment":[{"href":"https:\/\/www.agenzia-domus.com\/fr\/wp-json\/wp\/v2\/media?parent=1549"}],"wp:term":[{"taxonomy":"page_category","embeddable":true,"href":"https:\/\/www.agenzia-domus.com\/fr\/wp-json\/wp\/v2\/page_category?post=1549"},{"taxonomy":"page_tag","embeddable":true,"href":"https:\/\/www.agenzia-domus.com\/fr\/wp-json\/wp\/v2\/page_tag?post=1549"}],"curies":[{"name":"wp","href":"https:\/\/api.w.org\/{rel}","templated":true}]}}