{"id":1580,"date":"2017-01-07T00:45:33","date_gmt":"2017-01-06T23:45:33","guid":{"rendered":"http:\/\/www.agenzia-domus.com\/wp\/?page_id=1580"},"modified":"2025-08-08T12:11:40","modified_gmt":"2025-08-08T10:11:40","slug":"two-room-costa-azzurra","status":"publish","type":"page","link":"https:\/\/www.agenzia-domus.com\/fr\/appartements-deux-pieces-cote-dazur\/","title":{"rendered":"Appartements deux pi\u00e8ces C\u00f4te d&rsquo;Azur"},"content":{"rendered":"<p>La C\u00f4te d&rsquo;Azur est la r\u00e9gion baln\u00e9aire fran\u00e7aise la plus c\u00e9l\u00e8bre et la plus pris\u00e9e au monde.<br \/>\nLa partie orientale de la c\u00f4te m\u00e9diterran\u00e9enne fran\u00e7aise comprend Menton, charmante petite ville juste apr\u00e8s la fronti\u00e8re, Monaco, la c\u00e9l\u00e8bre principaut\u00e9, Nice, tant appr\u00e9ci\u00e9e des peintres pour sa lumi\u00e8re extraordinaire, Antibes, d&rsquo;o\u00f9 l&rsquo;on peut voir \u00e0 la fois la mer et les sommets enneig\u00e9s, Cannes, c\u00e9l\u00e8bre pour son festival du cin\u00e9ma et son salon nautique, ainsi que pour sa longue promenade en bord de mer au ras des plages, Saint-Tropez, destination touristique de choix des VIP,  et une incroyable richesse naturelle et paysag\u00e8re, \u00e9tant le point de rencontre entre les montagnes (les Alpes-Maritimes) et la mer. Les sites culturels, artistiques et naturels sont nombreux : il est impossible de tous les \u00e9num\u00e9rer ici, tout comme il est impossible de mentionner les nombreux \u00e9v\u00e9nements qui animent les villes et villages de cette r\u00e9gion. Outre ses centres les plus c\u00e9l\u00e8bres, la C\u00f4te d&rsquo;Azur offre \u00e9galement des villages de conte de f\u00e9es, tels que \u00c8ze, Villefranche, Roquebrune, et plus \u00e0 l&rsquo;ouest, en suivant la c\u00f4te, Vence et Saint-Paul-de-Vence. Les appartements deux pi\u00e8ces repr\u00e9sentent la solution la plus \u00e9conomique et la plus pratique que nous proposons. Nous disposons de logements situ\u00e9s dans diff\u00e9rents quartiers et \u00e0 diff\u00e9rents \u00e9tages, avec diff\u00e9rentes caract\u00e9ristiques, telles qu&rsquo;un emplacement central, un acc\u00e8s aux plages, une vue sur la mer, en bord de mer. <\/p>\n<blockquote><p>ATTENTION : nous disposons d&rsquo;autres offres que nous ne sommes pas autoris\u00e9s \u00e0 publier sur le web pour des raisons de confidentialit\u00e9 du vendeur, mais nous sommes pleinement autoris\u00e9s \u00e0 les visiter. Pour conna\u00eetre toutes nos offres, contactez-nous par t\u00e9l\u00e9phone au +39.0184.262368 ou par e-mail \u00e0 info@agenzia-domus.it et prenez rendez-vous dans nos bureaux.<\/p><\/blockquote>\n<p>       <ul class=\"post-listing\">\n                        <li id=\"post-58971\" class=\"post-58971 property type-property status-publish has-post-thumbnail hentry propertytype-apartment city-bordighera lease_terms-holiday-home entry\">\n\t\t\t\t<div class=\"list-thumb\"><a href=\"https:\/\/www.agenzia-domus.com\/fr\/property\/ag-dom-a3326-appartement-2-pieces-a-louer-pour-une-duree-determinee-dans-le-centre-de-bordighera\/\"><img loading=\"lazy\" decoding=\"async\" width=\"750\" height=\"500\" src=\"https:\/\/www.agenzia-domus.com\/wp-content\/uploads\/2026\/02\/MG_0701-HDR-1024x683.jpg\" class=\"attachment-large size-large wp-post-image\" alt=\"\" srcset=\"https:\/\/www.agenzia-domus.com\/wp-content\/uploads\/2026\/02\/MG_0701-HDR-1024x683.jpg 1024w, https:\/\/www.agenzia-domus.com\/wp-content\/uploads\/2026\/02\/MG_0701-HDR-300x200.jpg 300w, https:\/\/www.agenzia-domus.com\/wp-content\/uploads\/2026\/02\/MG_0701-HDR-500x334.jpg 500w, https:\/\/www.agenzia-domus.com\/wp-content\/uploads\/2026\/02\/MG_0701-HDR-1536x1025.jpg 1536w, https:\/\/www.agenzia-domus.com\/wp-content\/uploads\/2026\/02\/MG_0701-HDR-1920x1281.jpg 1920w, https:\/\/www.agenzia-domus.com\/wp-content\/uploads\/2026\/02\/MG_0701-HDR-1568x1046.jpg 1568w, https:\/\/www.agenzia-domus.com\/wp-content\/uploads\/2026\/02\/MG_0701-HDR.jpg 2000w\" sizes=\"auto, (max-width: 750px) 100vw, 750px\" style=\"width:100%;height:66.7%;max-width:2000px;\" \/><\/a><\/div>\n                <span class=\"title\"><a href=\"https:\/\/www.agenzia-domus.com\/fr\/property\/ag-dom-a3326-appartement-2-pieces-a-louer-pour-une-duree-determinee-dans-le-centre-de-bordighera\/\">AG-DOM A3326 &#8211; Appartement 2 pi\u00e8ces \u00e0 louer pour une dur\u00e9e d\u00e9termin\u00e9e dans le centre de Bordighera<\/a><\/span>\n            <\/li>\n                        <li id=\"post-56114\" class=\"post-56114 property type-property status-publish has-post-thumbnail hentry propertytype-apartment city-bordighera lease_terms-sale entry\">\n\t\t\t\t<div class=\"list-thumb\"><a href=\"https:\/\/www.agenzia-domus.com\/fr\/property\/ag-dom-3417-nouveau-deux-pieces-a-vendre-au-savoy-a-bordighera\/\"><img loading=\"lazy\" decoding=\"async\" width=\"750\" height=\"500\" src=\"https:\/\/www.agenzia-domus.com\/wp-content\/uploads\/2025\/11\/SAVV1289-1024x683.jpg\" class=\"attachment-large size-large wp-post-image\" alt=\"\" srcset=\"https:\/\/www.agenzia-domus.com\/wp-content\/uploads\/2025\/11\/SAVV1289-1024x683.jpg 1024w, https:\/\/www.agenzia-domus.com\/wp-content\/uploads\/2025\/11\/SAVV1289-300x200.jpg 300w, https:\/\/www.agenzia-domus.com\/wp-content\/uploads\/2025\/11\/SAVV1289-500x333.jpg 500w, https:\/\/www.agenzia-domus.com\/wp-content\/uploads\/2025\/11\/SAVV1289-1536x1024.jpg 1536w, https:\/\/www.agenzia-domus.com\/wp-content\/uploads\/2025\/11\/SAVV1289-2048x1366.jpg 2048w, https:\/\/www.agenzia-domus.com\/wp-content\/uploads\/2025\/11\/SAVV1289-1920x1280.jpg 1920w, https:\/\/www.agenzia-domus.com\/wp-content\/uploads\/2025\/11\/SAVV1289-1568x1046.jpg 1568w\" sizes=\"auto, (max-width: 750px) 100vw, 750px\" style=\"width:100%;height:66.68%;max-width:2560px;\" \/><\/a><\/div>\n                <span class=\"title\"><a href=\"https:\/\/www.agenzia-domus.com\/fr\/property\/ag-dom-3417-nouveau-deux-pieces-a-vendre-au-savoy-a-bordighera\/\">AG-DOM 3417 \u2013 Nouveau deux-pi\u00e8ces \u00e0 vendre au Savoy \u00e0 Bordighera<\/a><\/span>\n            <\/li>\n                        <li id=\"post-54829\" class=\"post-54829 property type-property status-publish has-post-thumbnail hentry propertytype-apartment city-bordighera lease_terms-sale entry\">\n\t\t\t\t<div class=\"list-thumb\"><a href=\"https:\/\/www.agenzia-domus.com\/fr\/property\/ag-dom-4381-deux-pieces-a-vendre-a-bordighera\/\"><img loading=\"lazy\" decoding=\"async\" width=\"750\" height=\"500\" src=\"https:\/\/www.agenzia-domus.com\/wp-content\/uploads\/2025\/10\/MG_2977-HDR-1024x683.jpg\" class=\"attachment-large size-large wp-post-image\" alt=\"\" srcset=\"https:\/\/www.agenzia-domus.com\/wp-content\/uploads\/2025\/10\/MG_2977-HDR-1024x683.jpg 1024w, https:\/\/www.agenzia-domus.com\/wp-content\/uploads\/2025\/10\/MG_2977-HDR-300x200.jpg 300w, https:\/\/www.agenzia-domus.com\/wp-content\/uploads\/2025\/10\/MG_2977-HDR-500x334.jpg 500w, https:\/\/www.agenzia-domus.com\/wp-content\/uploads\/2025\/10\/MG_2977-HDR-1536x1025.jpg 1536w, https:\/\/www.agenzia-domus.com\/wp-content\/uploads\/2025\/10\/MG_2977-HDR-1920x1281.jpg 1920w, https:\/\/www.agenzia-domus.com\/wp-content\/uploads\/2025\/10\/MG_2977-HDR-1568x1046.jpg 1568w, https:\/\/www.agenzia-domus.com\/wp-content\/uploads\/2025\/10\/MG_2977-HDR.jpg 2000w\" sizes=\"auto, (max-width: 750px) 100vw, 750px\" style=\"width:100%;height:66.7%;max-width:2000px;\" \/><\/a><\/div>\n                <span class=\"title\"><a href=\"https:\/\/www.agenzia-domus.com\/fr\/property\/ag-dom-4381-deux-pieces-a-vendre-a-bordighera\/\">AG-DOM 4381 &#8211; Deux pi\u00e8ces \u00e0 vendre \u00e0 Bordighera<\/a><\/span>\n            <\/li>\n                        <li id=\"post-51294\" class=\"post-51294 property type-property status-publish has-post-thumbnail hentry propertytype-apartment city-bordighera lease_terms-sale entry\">\n\t\t\t\t<div class=\"list-thumb\"><a href=\"https:\/\/www.agenzia-domus.com\/fr\/property\/ag-dom-3407-appartement-de-deux-pieces-a-renover-avec-garage-et-cave-a-vendre-a-bordighera\/\"><img loading=\"lazy\" decoding=\"async\" width=\"750\" height=\"375\" src=\"https:\/\/www.agenzia-domus.com\/wp-content\/uploads\/2025\/07\/1-2-1024x512.jpg\" class=\"attachment-large size-large wp-post-image\" alt=\"\" srcset=\"https:\/\/www.agenzia-domus.com\/wp-content\/uploads\/2025\/07\/1-2-1024x512.jpg 1024w, https:\/\/www.agenzia-domus.com\/wp-content\/uploads\/2025\/07\/1-2-300x150.jpg 300w, https:\/\/www.agenzia-domus.com\/wp-content\/uploads\/2025\/07\/1-2-500x250.jpg 500w, https:\/\/www.agenzia-domus.com\/wp-content\/uploads\/2025\/07\/1-2-1536x768.jpg 1536w, https:\/\/www.agenzia-domus.com\/wp-content\/uploads\/2025\/07\/1-2-2048x1024.jpg 2048w, https:\/\/www.agenzia-domus.com\/wp-content\/uploads\/2025\/07\/1-2-1920x960.jpg 1920w, https:\/\/www.agenzia-domus.com\/wp-content\/uploads\/2025\/07\/1-2-1568x784.jpg 1568w\" sizes=\"auto, (max-width: 750px) 100vw, 750px\" style=\"width:100%;height:50%;max-width:2500px;\" \/><\/a><\/div>\n                <span class=\"title\"><a href=\"https:\/\/www.agenzia-domus.com\/fr\/property\/ag-dom-3407-appartement-de-deux-pieces-a-renover-avec-garage-et-cave-a-vendre-a-bordighera\/\">AG-DOM 3407 &#8211; Appartement de deux pi\u00e8ces \u00e0 r\u00e9nover avec garage et cave \u00e0 vendre \u00e0 Bordighera<\/a><\/span>\n            <\/li>\n                    <\/ul>\n    <\/p>","protected":false},"excerpt":{"rendered":"<p>La C\u00f4te d&rsquo;Azur est la r\u00e9gion baln\u00e9aire fran\u00e7aise la plus c\u00e9l\u00e8bre et la plus pris\u00e9e au monde. La partie orientale de la c\u00f4te m\u00e9diterran\u00e9enne fran\u00e7aise comprend Menton, charmante petite ville juste apr\u00e8s la fronti\u00e8re, Monaco, la c\u00e9l\u00e8bre principaut\u00e9, Nice, tant appr\u00e9ci\u00e9e des peintres pour sa lumi\u00e8re extraordinaire, Antibes, d&rsquo;o\u00f9 l&rsquo;on peut voir \u00e0 la fois&hellip; <a class=\"more-link\" href=\"https:\/\/www.agenzia-domus.com\/fr\/property\/ag-dom-3407-appartement-de-deux-pieces-a-renover-avec-garage-et-cave-a-vendre-a-bordighera\/\">Poursuivre la lecture <span class=\"screen-reader-text\">AG-DOM 3407 &#8211; Appartement de deux pi\u00e8ces \u00e0 r\u00e9nover avec garage et cave \u00e0 vendre \u00e0 Bordighera<\/span><\/a><\/p>\n","protected":false},"author":1,"featured_media":0,"parent":0,"menu_order":0,"comment_status":"closed","ping_status":"closed","template":"","meta":{"footnotes":""},"page_category":[1318],"page_tag":[],"class_list":["post-1580","page","type-page","status-publish","hentry","page_category-content-hubs","entry"],"yoast_head":"<!-- This site is optimized with the Yoast SEO plugin v27.3 - https:\/\/yoast.com\/product\/yoast-seo-wordpress\/ -->\n<title>Appartements deux pi\u00e8ces C\u00f4te d&#039;Azur<\/title>\n<meta name=\"description\" content=\"Agenzia Domus Appartements deux pi\u00e8ces C\u00f4te d&#039;Azur\" \/>\n<meta name=\"robots\" content=\"index, follow, max-snippet:-1, max-image-preview:large, max-video-preview:-1\" \/>\n<link rel=\"canonical\" href=\"https:\/\/www.agenzia-domus.com\/fr\/two-room-apartments-in-cote-dazur\/\" \/>\n<meta property=\"og:locale\" content=\"fr_FR\" \/>\n<meta property=\"og:type\" content=\"article\" \/>\n<meta property=\"og:title\" content=\"Appartements deux pi\u00e8ces C\u00f4te d&#039;Azur\" \/>\n<meta property=\"og:description\" content=\"Agenzia Domus Appartements deux pi\u00e8ces C\u00f4te d&#039;Azur\" \/>\n<meta property=\"og:url\" content=\"https:\/\/www.agenzia-domus.com\/fr\/two-room-apartments-in-cote-dazur\/\" \/>\n<meta property=\"og:site_name\" content=\"Agenzia Domus\" \/>\n<meta property=\"article:publisher\" content=\"https:\/\/www.facebook.com\/agdomus\/\" \/>\n<meta property=\"article:modified_time\" content=\"2025-08-08T10:11:40+00:00\" \/>\n<meta name=\"twitter:card\" content=\"summary_large_image\" \/>\n<meta name=\"twitter:label1\" content=\"Dur\u00e9e de lecture estim\u00e9e\" \/>\n\t<meta name=\"twitter:data1\" content=\"1 minute\" \/>\n<script type=\"application\/ld+json\" class=\"yoast-schema-graph\">{\"@context\":\"https:\\\/\\\/schema.org\",\"@graph\":[{\"@type\":\"WebPage\",\"@id\":\"https:\\\/\\\/www.agenzia-domus.com\\\/fr\\\/two-room-apartments-in-cote-dazur\\\/\",\"url\":\"https:\\\/\\\/www.agenzia-domus.com\\\/fr\\\/two-room-apartments-in-cote-dazur\\\/\",\"name\":\"Appartements deux pi\u00e8ces C\u00f4te d'Azur\",\"isPartOf\":{\"@id\":\"https:\\\/\\\/www.agenzia-domus.com\\\/fr\\\/#website\"},\"datePublished\":\"2017-01-06T23:45:33+00:00\",\"dateModified\":\"2025-08-08T10:11:40+00:00\",\"description\":\"Agenzia Domus Appartements deux pi\u00e8ces C\u00f4te d'Azur\",\"breadcrumb\":{\"@id\":\"https:\\\/\\\/www.agenzia-domus.com\\\/fr\\\/two-room-apartments-in-cote-dazur\\\/#breadcrumb\"},\"inLanguage\":\"fr-FR\",\"potentialAction\":[{\"@type\":\"ReadAction\",\"target\":[[\"https:\\\/\\\/www.agenzia-domus.com\\\/fr\\\/two-room-apartments-in-cote-dazur\\\/\"]]}]},{\"@type\":\"BreadcrumbList\",\"@id\":\"https:\\\/\\\/www.agenzia-domus.com\\\/fr\\\/two-room-apartments-in-cote-dazur\\\/#breadcrumb\",\"itemListElement\":[{\"@type\":\"ListItem\",\"position\":1,\"name\":\"Home\",\"item\":\"https:\\\/\\\/www.agenzia-domus.com\\\/fr\\\/\"},{\"@type\":\"ListItem\",\"position\":2,\"name\":\"Two-Room apartments in Cote d\u2019Azur\"}]},{\"@type\":\"WebSite\",\"@id\":\"https:\\\/\\\/www.agenzia-domus.com\\\/fr\\\/#website\",\"url\":\"https:\\\/\\\/www.agenzia-domus.com\\\/fr\\\/\",\"name\":\"Agenzia Domus\",\"description\":\"More than 50 years in the properties market!\",\"publisher\":{\"@id\":\"https:\\\/\\\/www.agenzia-domus.com\\\/fr\\\/#organization\"},\"potentialAction\":[{\"@type\":\"SearchAction\",\"target\":{\"@type\":\"EntryPoint\",\"urlTemplate\":\"https:\\\/\\\/www.agenzia-domus.com\\\/fr\\\/?s={search_term_string}\"},\"query-input\":{\"@type\":\"PropertyValueSpecification\",\"valueRequired\":true,\"valueName\":\"search_term_string\"}}],\"inLanguage\":\"fr-FR\"},{\"@type\":\"Organization\",\"@id\":\"https:\\\/\\\/www.agenzia-domus.com\\\/fr\\\/#organization\",\"name\":\"Agenzia Domus\",\"url\":\"https:\\\/\\\/www.agenzia-domus.com\\\/fr\\\/\",\"logo\":{\"@type\":\"ImageObject\",\"inLanguage\":\"fr-FR\",\"@id\":\"https:\\\/\\\/www.agenzia-domus.com\\\/fr\\\/#\\\/schema\\\/logo\\\/image\\\/\",\"url\":\"https:\\\/\\\/www.agenzia-domus.com\\\/wp-content\\\/uploads\\\/2022\\\/10\\\/cropped-Domus-Logo-blue.png\",\"contentUrl\":\"https:\\\/\\\/www.agenzia-domus.com\\\/wp-content\\\/uploads\\\/2022\\\/10\\\/cropped-Domus-Logo-blue.png\",\"width\":240,\"height\":87,\"caption\":\"Agenzia Domus\"},\"image\":{\"@id\":\"https:\\\/\\\/www.agenzia-domus.com\\\/fr\\\/#\\\/schema\\\/logo\\\/image\\\/\"},\"sameAs\":[\"https:\\\/\\\/www.facebook.com\\\/agdomus\\\/\",\"https:\\\/\\\/it.linkedin.com\\\/company\\\/agenzia-domus\",\"https:\\\/\\\/www.instagram.com\\\/agenziadomus\",\"https:\\\/\\\/www.youtube.com\\\/channel\\\/UCbIm796_hjwQTSdw9-5IX3Q\"]}]}<\/script>\n<!-- \/ Yoast SEO plugin. -->","yoast_head_json":{"title":"Appartements deux pi\u00e8ces C\u00f4te d'Azur","description":"Agenzia Domus Appartements deux pi\u00e8ces C\u00f4te d'Azur","robots":{"index":"index","follow":"follow","max-snippet":"max-snippet:-1","max-image-preview":"max-image-preview:large","max-video-preview":"max-video-preview:-1"},"canonical":"https:\/\/www.agenzia-domus.com\/fr\/two-room-apartments-in-cote-dazur\/","og_locale":"fr_FR","og_type":"article","og_title":"Appartements deux pi\u00e8ces C\u00f4te d'Azur","og_description":"Agenzia Domus Appartements deux pi\u00e8ces C\u00f4te d'Azur","og_url":"https:\/\/www.agenzia-domus.com\/fr\/two-room-apartments-in-cote-dazur\/","og_site_name":"Agenzia Domus","article_publisher":"https:\/\/www.facebook.com\/agdomus\/","article_modified_time":"2025-08-08T10:11:40+00:00","twitter_card":"summary_large_image","twitter_misc":{"Dur\u00e9e de lecture estim\u00e9e":"1 minute"},"schema":{"@context":"https:\/\/schema.org","@graph":[{"@type":"WebPage","@id":"https:\/\/www.agenzia-domus.com\/fr\/two-room-apartments-in-cote-dazur\/","url":"https:\/\/www.agenzia-domus.com\/fr\/two-room-apartments-in-cote-dazur\/","name":"Appartements deux pi\u00e8ces C\u00f4te d'Azur","isPartOf":{"@id":"https:\/\/www.agenzia-domus.com\/fr\/#website"},"datePublished":"2017-01-06T23:45:33+00:00","dateModified":"2025-08-08T10:11:40+00:00","description":"Agenzia Domus Appartements deux pi\u00e8ces C\u00f4te d'Azur","breadcrumb":{"@id":"https:\/\/www.agenzia-domus.com\/fr\/two-room-apartments-in-cote-dazur\/#breadcrumb"},"inLanguage":"fr-FR","potentialAction":[{"@type":"ReadAction","target":[["https:\/\/www.agenzia-domus.com\/fr\/two-room-apartments-in-cote-dazur\/"]]}]},{"@type":"BreadcrumbList","@id":"https:\/\/www.agenzia-domus.com\/fr\/two-room-apartments-in-cote-dazur\/#breadcrumb","itemListElement":[{"@type":"ListItem","position":1,"name":"Home","item":"https:\/\/www.agenzia-domus.com\/fr\/"},{"@type":"ListItem","position":2,"name":"Two-Room apartments in Cote d\u2019Azur"}]},{"@type":"WebSite","@id":"https:\/\/www.agenzia-domus.com\/fr\/#website","url":"https:\/\/www.agenzia-domus.com\/fr\/","name":"Agenzia Domus","description":"More than 50 years in the properties market!","publisher":{"@id":"https:\/\/www.agenzia-domus.com\/fr\/#organization"},"potentialAction":[{"@type":"SearchAction","target":{"@type":"EntryPoint","urlTemplate":"https:\/\/www.agenzia-domus.com\/fr\/?s={search_term_string}"},"query-input":{"@type":"PropertyValueSpecification","valueRequired":true,"valueName":"search_term_string"}}],"inLanguage":"fr-FR"},{"@type":"Organization","@id":"https:\/\/www.agenzia-domus.com\/fr\/#organization","name":"Agenzia Domus","url":"https:\/\/www.agenzia-domus.com\/fr\/","logo":{"@type":"ImageObject","inLanguage":"fr-FR","@id":"https:\/\/www.agenzia-domus.com\/fr\/#\/schema\/logo\/image\/","url":"https:\/\/www.agenzia-domus.com\/wp-content\/uploads\/2022\/10\/cropped-Domus-Logo-blue.png","contentUrl":"https:\/\/www.agenzia-domus.com\/wp-content\/uploads\/2022\/10\/cropped-Domus-Logo-blue.png","width":240,"height":87,"caption":"Agenzia Domus"},"image":{"@id":"https:\/\/www.agenzia-domus.com\/fr\/#\/schema\/logo\/image\/"},"sameAs":["https:\/\/www.facebook.com\/agdomus\/","https:\/\/it.linkedin.com\/company\/agenzia-domus","https:\/\/www.instagram.com\/agenziadomus","https:\/\/www.youtube.com\/channel\/UCbIm796_hjwQTSdw9-5IX3Q"]}]}},"_links":{"self":[{"href":"https:\/\/www.agenzia-domus.com\/fr\/wp-json\/wp\/v2\/pages\/1580","targetHints":{"allow":["GET"]}}],"collection":[{"href":"https:\/\/www.agenzia-domus.com\/fr\/wp-json\/wp\/v2\/pages"}],"about":[{"href":"https:\/\/www.agenzia-domus.com\/fr\/wp-json\/wp\/v2\/types\/page"}],"author":[{"embeddable":true,"href":"https:\/\/www.agenzia-domus.com\/fr\/wp-json\/wp\/v2\/users\/1"}],"replies":[{"embeddable":true,"href":"https:\/\/www.agenzia-domus.com\/fr\/wp-json\/wp\/v2\/comments?post=1580"}],"version-history":[{"count":2,"href":"https:\/\/www.agenzia-domus.com\/fr\/wp-json\/wp\/v2\/pages\/1580\/revisions"}],"predecessor-version":[{"id":52252,"href":"https:\/\/www.agenzia-domus.com\/fr\/wp-json\/wp\/v2\/pages\/1580\/revisions\/52252"}],"wp:attachment":[{"href":"https:\/\/www.agenzia-domus.com\/fr\/wp-json\/wp\/v2\/media?parent=1580"}],"wp:term":[{"taxonomy":"page_category","embeddable":true,"href":"https:\/\/www.agenzia-domus.com\/fr\/wp-json\/wp\/v2\/page_category?post=1580"},{"taxonomy":"page_tag","embeddable":true,"href":"https:\/\/www.agenzia-domus.com\/fr\/wp-json\/wp\/v2\/page_tag?post=1580"}],"curies":[{"name":"wp","href":"https:\/\/api.w.org\/{rel}","templated":true}]}}