{"id":35570,"date":"2023-11-21T11:21:50","date_gmt":"2023-11-21T10:21:50","guid":{"rendered":"https:\/\/www.agenzia-domus.com\/cookie-policy-ue\/"},"modified":"2025-03-25T09:57:35","modified_gmt":"2025-03-25T08:57:35","slug":"cookie-policy-ue","status":"publish","type":"page","link":"https:\/\/www.agenzia-domus.com\/fr\/cookie-policy\/","title":{"rendered":"Cookie Policy"},"content":{"rendered":"<p>Qu&rsquo;est-ce que les cookies ?<br \/>\nCette politique sur les cookies explique ce que sont les cookies, comment nous les utilisons, les types de cookies que nous utilisons, c&rsquo;est-\u00e0-dire les informations que nous recueillons \u00e0 l&rsquo;aide des cookies et comment ces informations sont utilis\u00e9es, et comment g\u00e9rer les param\u00e8tres des cookies.<br \/>\nLes cookies sont de petits fichiers texte utilis\u00e9s pour stocker de petites informations. Ils sont stock\u00e9s sur votre appareil lorsque le site web est charg\u00e9 dans votre navigateur. Ces cookies nous aident \u00e0 faire fonctionner le site correctement, \u00e0 le rendre plus s\u00e9curis\u00e9, \u00e0 fournir une meilleure exp\u00e9rience utilisateur, \u00e0 comprendre comment le site fonctionne et \u00e0 analyser ce qui fonctionne et o\u00f9 des am\u00e9liorations sont n\u00e9cessaires.<br \/>\nComment utilisons-nous les cookies ?<br \/>\nComme la plupart des services en ligne, notre site Web utilise des cookies de premi\u00e8re partie et de tiers \u00e0 diverses fins. Les cookies de premi\u00e8re partie sont principalement n\u00e9cessaires au bon fonctionnement du site et ne collectent aucune donn\u00e9e personnellement identifiable.<br \/>\nLes cookies de tiers utilis\u00e9s sur notre site sont principalement utilis\u00e9s pour comprendre comment le site fonctionne, comment vous interagissez avec notre site, maintenir nos services s\u00e9curis\u00e9s, fournir des publicit\u00e9s pertinentes pour vous, et, dans l&rsquo;ensemble, vous offrir une meilleure exp\u00e9rience utilisateur et vous aider \u00e0 acc\u00e9l\u00e9rer vos futures interactions avec notre site.<br \/>\nTypes de cookies que nous utilisons<br \/>\nCookies strictement n\u00e9cessaires<br \/>\nCes cookies sont n\u00e9cessaires au bon fonctionnement du site et ne peuvent pas \u00eatre d\u00e9sactiv\u00e9s dans nos syst\u00e8mes. Vous pouvez configurer votre navigateur pour bloquer ou vous alerter sur ces cookies, mais certaines parties du site pourraient ne pas fonctionner correctement.<br \/>\nCookies de performance et d&rsquo;analyse<br \/>\nCes cookies nous permettent d&rsquo;analyser les visites et les sources de trafic afin de mesurer et d&rsquo;am\u00e9liorer les performances de notre site. Ils nous aident \u00e0 savoir quelles pages sont les plus et les moins populaires et \u00e0 voir comment les visiteurs naviguent sur le site.<br \/>\nCookies publicitaires et de ciblage<br \/>\nCes cookies peuvent \u00eatre d\u00e9finis via notre site par nos fournisseurs de r\u00e9seaux sociaux et\/ou nos partenaires publicitaires. Ils peuvent \u00eatre utilis\u00e9s par ces entreprises pour cr\u00e9er un profil de vos int\u00e9r\u00eats et vous montrer des publicit\u00e9s pertinentes sur d&rsquo;autres sites. Ils ne stockent pas directement des informations personnelles, mais sont bas\u00e9s sur l&rsquo;identification unique de votre navigateur et de votre appareil Internet.<br \/>\nG\u00e9rer les pr\u00e9f\u00e9rences des cookies<br \/>\nParam\u00e8tres des cookies<br \/>\nVous pouvez changer vos pr\u00e9f\u00e9rences de cookies \u00e0 tout moment en cliquant sur <button class=\"cc-link\" type=\"button\" data-cc=\"c-settings\">Cookie Settings<\/button>. Cela vous permettra de revoir la banni\u00e8re de consentement aux cookies et de modifier vos pr\u00e9f\u00e9rences ou de retirer votre consentement imm\u00e9diatement.<br \/>\nDe plus, diff\u00e9rents navigateurs offrent diff\u00e9rentes m\u00e9thodes pour bloquer et supprimer les cookies utilis\u00e9s par les sites Web. Vous pouvez modifier les param\u00e8tres de votre navigateur pour bloquer\/supprimer les cookies. Ci-dessous se trouvent les liens vers les documents de support pour savoir comment g\u00e9rer et supprimer les cookies dans les principaux navigateurs Web.<br \/>\nChrome: https:\/\/support.google.com\/accounts\/answer\/32050<br \/>\nSafari: https:\/\/support.apple.com\/en-in\/guide\/safari\/sfri11471\/mac<br \/>\nFirefox: https:\/\/support.mozilla.org\/en-US\/kb\/clear-cookies-and-site-data-firefox?redirectslug=delete-cookies-remove-info-websites-stored&amp;redirectlocale=en-US<br \/>\nInternet Explorer: https:\/\/support.microsoft.com\/en-us\/topic\/how-to-delete-cookie-files-in-internet-explorer-bca9446f-d873-78de-77ba-d42645fa52fc<br \/>\nSi vous utilisez un autre navigateur, veuillez consulter les documents officiels de support de votre navigateur.<\/p>","protected":false},"excerpt":{"rendered":"<p>Qu&rsquo;est-ce que les cookies ? Cette politique sur les cookies explique ce que sont les cookies, comment nous les utilisons, les types de cookies que nous utilisons, c&rsquo;est-\u00e0-dire les informations que nous recueillons \u00e0 l&rsquo;aide des cookies et comment ces informations sont utilis\u00e9es, et comment g\u00e9rer les param\u00e8tres des cookies. Les cookies sont de petits&hellip; <a class=\"more-link\" href=\"https:\/\/www.agenzia-domus.com\/fr\/cookie-policy\/\">Poursuivre la lecture <span class=\"screen-reader-text\">Cookie Policy<\/span><\/a><\/p>\n","protected":false},"author":1,"featured_media":0,"parent":0,"menu_order":0,"comment_status":"closed","ping_status":"closed","template":"","meta":{"footnotes":""},"page_category":[],"page_tag":[],"class_list":["post-35570","page","type-page","status-publish","hentry","entry"],"yoast_head":"<!-- This site is optimized with the Yoast SEO plugin v27.6 - https:\/\/yoast.com\/product\/yoast-seo-wordpress\/ -->\n<title>Cookie Policy<\/title>\n<meta name=\"description\" content=\"Agenzia Domus Cookie Policy\" \/>\n<meta name=\"robots\" content=\"index, follow, max-snippet:-1, max-image-preview:large, max-video-preview:-1\" \/>\n<link rel=\"canonical\" href=\"https:\/\/www.agenzia-domus.com\/fr\/cookie-policy\/\" \/>\n<meta property=\"og:locale\" content=\"fr_FR\" \/>\n<meta property=\"og:type\" content=\"article\" \/>\n<meta property=\"og:title\" content=\"Cookie Policy\" \/>\n<meta property=\"og:description\" content=\"Agenzia Domus Cookie Policy\" \/>\n<meta property=\"og:url\" content=\"https:\/\/www.agenzia-domus.com\/fr\/cookie-policy\/\" \/>\n<meta property=\"og:site_name\" content=\"Agenzia Domus\" \/>\n<meta property=\"article:publisher\" content=\"https:\/\/www.facebook.com\/agdomus\/\" \/>\n<meta property=\"article:modified_time\" content=\"2025-03-25T08:57:35+00:00\" \/>\n<meta name=\"twitter:card\" content=\"summary_large_image\" \/>\n<meta name=\"twitter:label1\" content=\"Dur\u00e9e de lecture estim\u00e9e\" \/>\n\t<meta name=\"twitter:data1\" content=\"3 minutes\" \/>\n<script type=\"application\/ld+json\" class=\"yoast-schema-graph\">{\"@context\":\"https:\\\/\\\/schema.org\",\"@graph\":[{\"@type\":\"WebPage\",\"@id\":\"https:\\\/\\\/www.agenzia-domus.com\\\/fr\\\/cookie-policy\\\/\",\"url\":\"https:\\\/\\\/www.agenzia-domus.com\\\/fr\\\/cookie-policy\\\/\",\"name\":\"Cookie Policy\",\"isPartOf\":{\"@id\":\"https:\\\/\\\/www.agenzia-domus.com\\\/fr\\\/#website\"},\"datePublished\":\"2023-11-21T10:21:50+00:00\",\"dateModified\":\"2025-03-25T08:57:35+00:00\",\"description\":\"Agenzia Domus Cookie Policy\",\"breadcrumb\":{\"@id\":\"https:\\\/\\\/www.agenzia-domus.com\\\/fr\\\/cookie-policy\\\/#breadcrumb\"},\"inLanguage\":\"fr-FR\",\"potentialAction\":[{\"@type\":\"ReadAction\",\"target\":[[\"https:\\\/\\\/www.agenzia-domus.com\\\/fr\\\/cookie-policy\\\/\"]]}]},{\"@type\":\"BreadcrumbList\",\"@id\":\"https:\\\/\\\/www.agenzia-domus.com\\\/fr\\\/cookie-policy\\\/#breadcrumb\",\"itemListElement\":[{\"@type\":\"ListItem\",\"position\":1,\"name\":\"Home\",\"item\":\"https:\\\/\\\/www.agenzia-domus.com\\\/fr\\\/\"},{\"@type\":\"ListItem\",\"position\":2,\"name\":\"Cookie Policy\"}]},{\"@type\":\"WebSite\",\"@id\":\"https:\\\/\\\/www.agenzia-domus.com\\\/fr\\\/#website\",\"url\":\"https:\\\/\\\/www.agenzia-domus.com\\\/fr\\\/\",\"name\":\"Agenzia Domus\",\"description\":\"More than 50 years in the properties market!\",\"publisher\":{\"@id\":\"https:\\\/\\\/www.agenzia-domus.com\\\/fr\\\/#organization\"},\"potentialAction\":[{\"@type\":\"SearchAction\",\"target\":{\"@type\":\"EntryPoint\",\"urlTemplate\":\"https:\\\/\\\/www.agenzia-domus.com\\\/fr\\\/?s={search_term_string}\"},\"query-input\":{\"@type\":\"PropertyValueSpecification\",\"valueRequired\":true,\"valueName\":\"search_term_string\"}}],\"inLanguage\":\"fr-FR\"},{\"@type\":\"Organization\",\"@id\":\"https:\\\/\\\/www.agenzia-domus.com\\\/fr\\\/#organization\",\"name\":\"Agenzia Domus\",\"url\":\"https:\\\/\\\/www.agenzia-domus.com\\\/fr\\\/\",\"logo\":{\"@type\":\"ImageObject\",\"inLanguage\":\"fr-FR\",\"@id\":\"https:\\\/\\\/www.agenzia-domus.com\\\/fr\\\/#\\\/schema\\\/logo\\\/image\\\/\",\"url\":\"https:\\\/\\\/www.agenzia-domus.com\\\/wp-content\\\/uploads\\\/2022\\\/10\\\/cropped-Domus-Logo-blue.png\",\"contentUrl\":\"https:\\\/\\\/www.agenzia-domus.com\\\/wp-content\\\/uploads\\\/2022\\\/10\\\/cropped-Domus-Logo-blue.png\",\"width\":240,\"height\":87,\"caption\":\"Agenzia Domus\"},\"image\":{\"@id\":\"https:\\\/\\\/www.agenzia-domus.com\\\/fr\\\/#\\\/schema\\\/logo\\\/image\\\/\"},\"sameAs\":[\"https:\\\/\\\/www.facebook.com\\\/agdomus\\\/\",\"https:\\\/\\\/it.linkedin.com\\\/company\\\/agenzia-domus\",\"https:\\\/\\\/www.instagram.com\\\/agenziadomus\",\"https:\\\/\\\/www.youtube.com\\\/channel\\\/UCbIm796_hjwQTSdw9-5IX3Q\"]}]}<\/script>\n<!-- \/ Yoast SEO plugin. -->","yoast_head_json":{"title":"Cookie Policy","description":"Agenzia Domus Cookie Policy","robots":{"index":"index","follow":"follow","max-snippet":"max-snippet:-1","max-image-preview":"max-image-preview:large","max-video-preview":"max-video-preview:-1"},"canonical":"https:\/\/www.agenzia-domus.com\/fr\/cookie-policy\/","og_locale":"fr_FR","og_type":"article","og_title":"Cookie Policy","og_description":"Agenzia Domus Cookie Policy","og_url":"https:\/\/www.agenzia-domus.com\/fr\/cookie-policy\/","og_site_name":"Agenzia Domus","article_publisher":"https:\/\/www.facebook.com\/agdomus\/","article_modified_time":"2025-03-25T08:57:35+00:00","twitter_card":"summary_large_image","twitter_misc":{"Dur\u00e9e de lecture estim\u00e9e":"3 minutes"},"schema":{"@context":"https:\/\/schema.org","@graph":[{"@type":"WebPage","@id":"https:\/\/www.agenzia-domus.com\/fr\/cookie-policy\/","url":"https:\/\/www.agenzia-domus.com\/fr\/cookie-policy\/","name":"Cookie Policy","isPartOf":{"@id":"https:\/\/www.agenzia-domus.com\/fr\/#website"},"datePublished":"2023-11-21T10:21:50+00:00","dateModified":"2025-03-25T08:57:35+00:00","description":"Agenzia Domus Cookie Policy","breadcrumb":{"@id":"https:\/\/www.agenzia-domus.com\/fr\/cookie-policy\/#breadcrumb"},"inLanguage":"fr-FR","potentialAction":[{"@type":"ReadAction","target":[["https:\/\/www.agenzia-domus.com\/fr\/cookie-policy\/"]]}]},{"@type":"BreadcrumbList","@id":"https:\/\/www.agenzia-domus.com\/fr\/cookie-policy\/#breadcrumb","itemListElement":[{"@type":"ListItem","position":1,"name":"Home","item":"https:\/\/www.agenzia-domus.com\/fr\/"},{"@type":"ListItem","position":2,"name":"Cookie Policy"}]},{"@type":"WebSite","@id":"https:\/\/www.agenzia-domus.com\/fr\/#website","url":"https:\/\/www.agenzia-domus.com\/fr\/","name":"Agenzia Domus","description":"More than 50 years in the properties market!","publisher":{"@id":"https:\/\/www.agenzia-domus.com\/fr\/#organization"},"potentialAction":[{"@type":"SearchAction","target":{"@type":"EntryPoint","urlTemplate":"https:\/\/www.agenzia-domus.com\/fr\/?s={search_term_string}"},"query-input":{"@type":"PropertyValueSpecification","valueRequired":true,"valueName":"search_term_string"}}],"inLanguage":"fr-FR"},{"@type":"Organization","@id":"https:\/\/www.agenzia-domus.com\/fr\/#organization","name":"Agenzia Domus","url":"https:\/\/www.agenzia-domus.com\/fr\/","logo":{"@type":"ImageObject","inLanguage":"fr-FR","@id":"https:\/\/www.agenzia-domus.com\/fr\/#\/schema\/logo\/image\/","url":"https:\/\/www.agenzia-domus.com\/wp-content\/uploads\/2022\/10\/cropped-Domus-Logo-blue.png","contentUrl":"https:\/\/www.agenzia-domus.com\/wp-content\/uploads\/2022\/10\/cropped-Domus-Logo-blue.png","width":240,"height":87,"caption":"Agenzia Domus"},"image":{"@id":"https:\/\/www.agenzia-domus.com\/fr\/#\/schema\/logo\/image\/"},"sameAs":["https:\/\/www.facebook.com\/agdomus\/","https:\/\/it.linkedin.com\/company\/agenzia-domus","https:\/\/www.instagram.com\/agenziadomus","https:\/\/www.youtube.com\/channel\/UCbIm796_hjwQTSdw9-5IX3Q"]}]}},"_links":{"self":[{"href":"https:\/\/www.agenzia-domus.com\/fr\/wp-json\/wp\/v2\/pages\/35570","targetHints":{"allow":["GET"]}}],"collection":[{"href":"https:\/\/www.agenzia-domus.com\/fr\/wp-json\/wp\/v2\/pages"}],"about":[{"href":"https:\/\/www.agenzia-domus.com\/fr\/wp-json\/wp\/v2\/types\/page"}],"author":[{"embeddable":true,"href":"https:\/\/www.agenzia-domus.com\/fr\/wp-json\/wp\/v2\/users\/1"}],"replies":[{"embeddable":true,"href":"https:\/\/www.agenzia-domus.com\/fr\/wp-json\/wp\/v2\/comments?post=35570"}],"version-history":[{"count":10,"href":"https:\/\/www.agenzia-domus.com\/fr\/wp-json\/wp\/v2\/pages\/35570\/revisions"}],"predecessor-version":[{"id":48641,"href":"https:\/\/www.agenzia-domus.com\/fr\/wp-json\/wp\/v2\/pages\/35570\/revisions\/48641"}],"wp:attachment":[{"href":"https:\/\/www.agenzia-domus.com\/fr\/wp-json\/wp\/v2\/media?parent=35570"}],"wp:term":[{"taxonomy":"page_category","embeddable":true,"href":"https:\/\/www.agenzia-domus.com\/fr\/wp-json\/wp\/v2\/page_category?post=35570"},{"taxonomy":"page_tag","embeddable":true,"href":"https:\/\/www.agenzia-domus.com\/fr\/wp-json\/wp\/v2\/page_tag?post=35570"}],"curies":[{"name":"wp","href":"https:\/\/api.w.org\/{rel}","templated":true}]}}