{"id":7417,"date":"2018-05-28T11:25:46","date_gmt":"2018-05-28T09:25:46","guid":{"rendered":"http:\/\/www.agenzia-domus.com\/en\/?page_id=7417"},"modified":"2025-03-25T10:05:34","modified_gmt":"2025-03-25T09:05:34","slug":"privacy-policy","status":"publish","type":"page","link":"https:\/\/www.agenzia-domus.com\/fr\/privacy-policy\/","title":{"rendered":"Privacy Policy"},"content":{"rendered":"<p><\/p>\n<p class=\"\" data-start=\"8051\" data-end=\"8171\"><strong data-start=\"8051\" data-end=\"8083\">Politique de Confidentialit\u00e9<\/strong><br data-start=\"8083\" data-end=\"8086\" \/><strong data-start=\"8086\" data-end=\"8112\">Derni\u00e8re mise \u00e0 jour :<\/strong> 25-Mar-2025<br data-start=\"8124\" data-end=\"8127\" \/><strong data-start=\"8127\" data-end=\"8157\">Date d&rsquo;entr\u00e9e en vigueur :<\/strong> 25-Mar-2025<\/p>\n<p class=\"\" data-start=\"8173\" data-end=\"8669\">Cette Politique de Confidentialit\u00e9 d\u00e9crit les politiques de DOMUS SRL | Via Roma 166 18038 Sanremo (IM) concernant la collecte, l&rsquo;utilisation et la divulgation de vos informations que nous collectons lorsque vous utilisez notre site web (www.agenzia-domus.com) (le \u00ab\u00a0Service\u00a0\u00bb). En acc\u00e9dant ou en utilisant le Service, vous consentez \u00e0 la collecte, \u00e0 l&rsquo;utilisation et \u00e0 la divulgation de vos informations conform\u00e9ment \u00e0 cette Politique de Confidentialit\u00e9. Si vous ne consentez pas \u00e0 cela, veuillez ne pas acc\u00e9der ou utiliser le Service.<\/p>\n<p class=\"\" data-start=\"8671\" data-end=\"9073\">Nous pouvons modifier cette Politique de Confidentialit\u00e9 \u00e0 tout moment sans pr\u00e9avis et publierons la version r\u00e9vis\u00e9e sur le Service. La politique r\u00e9vis\u00e9e sera effective 180 jours apr\u00e8s sa publication sur le Service, et votre acc\u00e8s continu ou votre utilisation du Service apr\u00e8s ce d\u00e9lai constituera votre acceptation de la politique r\u00e9vis\u00e9e. Nous vous recommandons de consulter r\u00e9guli\u00e8rement cette page.<\/p>\n<hr class=\"\" data-start=\"9075\" data-end=\"9078\" \/>\n<p class=\"\" data-start=\"9080\" data-end=\"9230\"><strong data-start=\"9080\" data-end=\"9128\">1. Comment Nous Utilisons Vos Informations :<\/strong><br data-start=\"9128\" data-end=\"9131\" \/>Nous utiliserons les informations que nous collectons \u00e0 votre sujet pour les objectifs suivants :<\/p>\n<ul data-start=\"9231\" data-end=\"9266\">\n<li class=\"\" data-start=\"9231\" data-end=\"9254\">\n<p class=\"\" data-start=\"9233\" data-end=\"9254\">Marketing\/Promotion<\/p>\n<\/li>\n<li class=\"\" data-start=\"9255\" data-end=\"9266\">\n<p class=\"\" data-start=\"9257\" data-end=\"9266\">Support<\/p>\n<\/li>\n<\/ul>\n<p class=\"\" data-start=\"9268\" data-end=\"9556\">Si nous souhaitons utiliser vos informations \u00e0 d&rsquo;autres fins, nous demanderons votre consentement. Nous utiliserons vos informations uniquement apr\u00e8s avoir re\u00e7u votre consentement et uniquement pour les fins pour lesquelles vous avez consenti, sauf si la loi nous impose d&rsquo;agir autrement.<\/p>\n<p class=\"\" data-start=\"9558\" data-end=\"9782\"><strong data-start=\"9558\" data-end=\"9607\">2. Comment Nous Partageons Vos Informations :<\/strong><br data-start=\"9607\" data-end=\"9610\" \/>Nous ne transf\u00e9rerons pas vos informations personnelles \u00e0 des tiers sans avoir obtenu votre consentement, sauf dans des circonstances limit\u00e9es comme d\u00e9crites ci-dessous :<\/p>\n<ul data-start=\"9783\" data-end=\"9794\">\n<li class=\"\" data-start=\"9783\" data-end=\"9794\">\n<p class=\"\" data-start=\"9785\" data-end=\"9794\">Analyse<\/p>\n<\/li>\n<\/ul>\n<p class=\"\" data-start=\"9796\" data-end=\"10048\">Nous exigeons que les tiers utilisent les informations personnelles que nous leur transf\u00e9rons uniquement pour la finalit\u00e9 pour laquelle elles ont \u00e9t\u00e9 transf\u00e9r\u00e9es et qu&rsquo;ils ne les conservent pas plus longtemps que n\u00e9cessaire pour remplir cette finalit\u00e9.<\/p>\n<p class=\"\" data-start=\"10050\" data-end=\"10143\">Nous pouvons \u00e9galement divulguer vos informations personnelles pour les raisons suivantes :<\/p>\n<ol data-start=\"10144\" data-end=\"10459\">\n<li class=\"\" data-start=\"10144\" data-end=\"10255\">\n<p class=\"\" data-start=\"10147\" data-end=\"10255\">Pour nous conformer aux lois, r\u00e9gulations, ordonnances judiciaires ou autres processus l\u00e9gaux applicables.<\/p>\n<\/li>\n<li class=\"\" data-start=\"10256\" data-end=\"10350\">\n<p class=\"\" data-start=\"10259\" data-end=\"10350\">Pour faire respecter vos accords avec nous, y compris cette Politique de Confidentialit\u00e9.<\/p>\n<\/li>\n<li class=\"\" data-start=\"10351\" data-end=\"10459\">\n<p class=\"\" data-start=\"10354\" data-end=\"10459\">Pour r\u00e9pondre aux r\u00e9clamations selon lesquelles votre utilisation du Service viole les droits de tiers.<\/p>\n<\/li>\n<\/ol>\n<p class=\"\" data-start=\"10461\" data-end=\"10619\">Si le Service ou notre entreprise est fusionn\u00e9 ou acquis par une autre entreprise, vos informations seront l&rsquo;un des actifs transf\u00e9r\u00e9s au nouveau propri\u00e9taire.<\/p>\n<p class=\"\" data-start=\"10621\" data-end=\"10718\"><strong data-start=\"10621\" data-end=\"10640\">3. Vos Droits :<\/strong><br data-start=\"10640\" data-end=\"10643\" \/>En fonction de la l\u00e9gislation applicable, vous pouvez avoir le droit de :<\/p>\n<ul data-start=\"10719\" data-end=\"11115\">\n<li class=\"\" data-start=\"10719\" data-end=\"10780\">\n<p class=\"\" data-start=\"10721\" data-end=\"10780\">Acc\u00e9der et rectifier ou effacer vos donn\u00e9es personnelles.<\/p>\n<\/li>\n<li class=\"\" data-start=\"10781\" data-end=\"10832\">\n<p class=\"\" data-start=\"10783\" data-end=\"10832\">Recevoir une copie de vos donn\u00e9es personnelles.<\/p>\n<\/li>\n<li class=\"\" data-start=\"10833\" data-end=\"10890\">\n<p class=\"\" data-start=\"10835\" data-end=\"10890\">Limiter ou vous opposer au traitement de vos donn\u00e9es.<\/p>\n<\/li>\n<li class=\"\" data-start=\"10891\" data-end=\"10992\">\n<p class=\"\" data-start=\"10893\" data-end=\"10992\">Demander \u00e0 ce que vos donn\u00e9es personnelles soient transf\u00e9r\u00e9es (portabilit\u00e9) \u00e0 un autre organisme.<\/p>\n<\/li>\n<li class=\"\" data-start=\"10993\" data-end=\"11058\">\n<p class=\"\" data-start=\"10995\" data-end=\"11058\">Retirer votre consentement pour le traitement de vos donn\u00e9es.<\/p>\n<\/li>\n<li class=\"\" data-start=\"11059\" data-end=\"11115\">\n<p class=\"\" data-start=\"11061\" data-end=\"11115\">D\u00e9poser une plainte aupr\u00e8s de l&rsquo;autorit\u00e9 comp\u00e9tente.<\/p>\n<\/li>\n<\/ul>\n<p class=\"\" data-start=\"11117\" data-end=\"11271\">Pour exercer ces droits, vous pouvez nous contacter \u00e0 <strong data-start=\"11171\" data-end=\"11196\"><a rel=\"noopener\" data-start=\"11173\" data-end=\"11194\">info@agenzia-domus.it<\/a><\/strong>. Nous r\u00e9pondrons \u00e0 votre demande conform\u00e9ment \u00e0 la l\u00e9gislation applicable.<\/p>\n<p class=\"\" data-start=\"11273\" data-end=\"11560\">Veuillez noter que si vous ne nous permettez pas de collecter ou de traiter les informations personnelles requises, ou si vous retirez votre consentement pour leur traitement, vous pourriez ne pas pouvoir acc\u00e9der ou utiliser les services pour lesquels vos informations ont \u00e9t\u00e9 demand\u00e9es.<\/p>\n<p class=\"\" data-start=\"11562\" data-end=\"11758\"><strong data-start=\"11562\" data-end=\"11588\">4. Cookies et Autres :<\/strong><br data-start=\"11588\" data-end=\"11591\" \/>Pour en savoir plus sur notre utilisation des cookies et des technologies de suivi, ainsi que sur vos choix \u00e0 cet \u00e9gard, veuillez consulter notre <a href=\"https:\/\/www.agenzia-domus.com\/fr\/cookie-policy\/\">Politique de Cookies<\/a>.<\/p>\n<p class=\"\" data-start=\"11760\" data-end=\"12224\"><strong data-start=\"11760\" data-end=\"11777\">5. S\u00e9curit\u00e9 :<\/strong><br data-start=\"11777\" data-end=\"11780\" \/>La s\u00e9curit\u00e9 de vos informations est importante pour nous. Nous prendrons des mesures raisonnables pour pr\u00e9venir la perte, l&rsquo;utilisation abusive ou l&rsquo;alt\u00e9ration non autoris\u00e9e de vos informations. Cependant, compte tenu des risques inh\u00e9rents, nous ne pouvons garantir une s\u00e9curit\u00e9 absolue. Par cons\u00e9quent, nous ne pouvons pas garantir ni assurer la s\u00e9curit\u00e9 de toute information que vous nous transmettez, et vous le faites \u00e0 vos propres risques.<\/p>\n<p class=\"\" data-start=\"12226\" data-end=\"12538\"><strong data-start=\"12226\" data-end=\"12284\">6. Responsable des plaintes \/ Protection des donn\u00e9es :<\/strong><br data-start=\"12284\" data-end=\"12287\" \/>Si vous avez des questions ou des pr\u00e9occupations concernant le traitement de vos informations, vous pouvez envoyer un e-mail \u00e0 notre Responsable des plaintes \u00e0 <strong data-start=\"12447\" data-end=\"12458\"><a rel=\"noopener\" data-start=\"11173\" data-end=\"11194\">info@agenzia-domus.it<\/a><\/strong>. Nous r\u00e9pondrons \u00e0 vos pr\u00e9occupations conform\u00e9ment \u00e0 la l\u00e9gislation applicable.<\/p>\n<p><\/p>","protected":false},"excerpt":{"rendered":"<p>Politique de Confidentialit\u00e9Derni\u00e8re mise \u00e0 jour : 25-Mar-2025Date d&rsquo;entr\u00e9e en vigueur : 25-Mar-2025 Cette Politique de Confidentialit\u00e9 d\u00e9crit les politiques de DOMUS SRL | Via Roma 166 18038 Sanremo (IM) concernant la collecte, l&rsquo;utilisation et la divulgation de vos informations que nous collectons lorsque vous utilisez notre site web (www.agenzia-domus.com) (le \u00ab\u00a0Service\u00a0\u00bb). En acc\u00e9dant ou&hellip; <a class=\"more-link\" href=\"https:\/\/www.agenzia-domus.com\/fr\/privacy-policy\/\">Poursuivre la lecture <span class=\"screen-reader-text\">Privacy Policy<\/span><\/a><\/p>\n","protected":false},"author":1,"featured_media":0,"parent":0,"menu_order":0,"comment_status":"closed","ping_status":"closed","template":"","meta":{"footnotes":""},"page_category":[],"page_tag":[],"class_list":["post-7417","page","type-page","status-publish","hentry","entry"],"yoast_head":"<!-- This site is optimized with the Yoast SEO plugin v27.3 - https:\/\/yoast.com\/product\/yoast-seo-wordpress\/ -->\n<title>Privacy Policy<\/title>\n<meta name=\"description\" content=\"Agenzia Domus Privacy Policy\" \/>\n<meta name=\"robots\" content=\"index, follow, max-snippet:-1, max-image-preview:large, max-video-preview:-1\" \/>\n<link rel=\"canonical\" href=\"https:\/\/www.agenzia-domus.com\/fr\/privacy-policy\/\" \/>\n<meta property=\"og:locale\" content=\"fr_FR\" \/>\n<meta property=\"og:type\" content=\"article\" \/>\n<meta property=\"og:title\" content=\"Privacy Policy\" \/>\n<meta property=\"og:description\" content=\"Agenzia Domus Privacy Policy\" \/>\n<meta property=\"og:url\" content=\"https:\/\/www.agenzia-domus.com\/fr\/privacy-policy\/\" \/>\n<meta property=\"og:site_name\" content=\"Agenzia Domus\" \/>\n<meta property=\"article:publisher\" content=\"https:\/\/www.facebook.com\/agdomus\/\" \/>\n<meta property=\"article:modified_time\" content=\"2025-03-25T09:05:34+00:00\" \/>\n<meta name=\"twitter:card\" content=\"summary_large_image\" \/>\n<meta name=\"twitter:label1\" content=\"Dur\u00e9e de lecture estim\u00e9e\" \/>\n\t<meta name=\"twitter:data1\" content=\"3 minutes\" \/>\n<script type=\"application\/ld+json\" class=\"yoast-schema-graph\">{\"@context\":\"https:\\\/\\\/schema.org\",\"@graph\":[{\"@type\":\"WebPage\",\"@id\":\"https:\\\/\\\/www.agenzia-domus.com\\\/fr\\\/privacy-policy\\\/\",\"url\":\"https:\\\/\\\/www.agenzia-domus.com\\\/fr\\\/privacy-policy\\\/\",\"name\":\"Privacy Policy\",\"isPartOf\":{\"@id\":\"https:\\\/\\\/www.agenzia-domus.com\\\/fr\\\/#website\"},\"datePublished\":\"2018-05-28T09:25:46+00:00\",\"dateModified\":\"2025-03-25T09:05:34+00:00\",\"description\":\"Agenzia Domus Privacy Policy\",\"breadcrumb\":{\"@id\":\"https:\\\/\\\/www.agenzia-domus.com\\\/fr\\\/privacy-policy\\\/#breadcrumb\"},\"inLanguage\":\"fr-FR\",\"potentialAction\":[{\"@type\":\"ReadAction\",\"target\":[[\"https:\\\/\\\/www.agenzia-domus.com\\\/fr\\\/privacy-policy\\\/\"]]}]},{\"@type\":\"BreadcrumbList\",\"@id\":\"https:\\\/\\\/www.agenzia-domus.com\\\/fr\\\/privacy-policy\\\/#breadcrumb\",\"itemListElement\":[{\"@type\":\"ListItem\",\"position\":1,\"name\":\"Home\",\"item\":\"https:\\\/\\\/www.agenzia-domus.com\\\/fr\\\/\"},{\"@type\":\"ListItem\",\"position\":2,\"name\":\"Privacy Policy\"}]},{\"@type\":\"WebSite\",\"@id\":\"https:\\\/\\\/www.agenzia-domus.com\\\/fr\\\/#website\",\"url\":\"https:\\\/\\\/www.agenzia-domus.com\\\/fr\\\/\",\"name\":\"Agenzia Domus\",\"description\":\"More than 50 years in the properties market!\",\"publisher\":{\"@id\":\"https:\\\/\\\/www.agenzia-domus.com\\\/fr\\\/#organization\"},\"potentialAction\":[{\"@type\":\"SearchAction\",\"target\":{\"@type\":\"EntryPoint\",\"urlTemplate\":\"https:\\\/\\\/www.agenzia-domus.com\\\/fr\\\/?s={search_term_string}\"},\"query-input\":{\"@type\":\"PropertyValueSpecification\",\"valueRequired\":true,\"valueName\":\"search_term_string\"}}],\"inLanguage\":\"fr-FR\"},{\"@type\":\"Organization\",\"@id\":\"https:\\\/\\\/www.agenzia-domus.com\\\/fr\\\/#organization\",\"name\":\"Agenzia Domus\",\"url\":\"https:\\\/\\\/www.agenzia-domus.com\\\/fr\\\/\",\"logo\":{\"@type\":\"ImageObject\",\"inLanguage\":\"fr-FR\",\"@id\":\"https:\\\/\\\/www.agenzia-domus.com\\\/fr\\\/#\\\/schema\\\/logo\\\/image\\\/\",\"url\":\"https:\\\/\\\/www.agenzia-domus.com\\\/wp-content\\\/uploads\\\/2022\\\/10\\\/cropped-Domus-Logo-blue.png\",\"contentUrl\":\"https:\\\/\\\/www.agenzia-domus.com\\\/wp-content\\\/uploads\\\/2022\\\/10\\\/cropped-Domus-Logo-blue.png\",\"width\":240,\"height\":87,\"caption\":\"Agenzia Domus\"},\"image\":{\"@id\":\"https:\\\/\\\/www.agenzia-domus.com\\\/fr\\\/#\\\/schema\\\/logo\\\/image\\\/\"},\"sameAs\":[\"https:\\\/\\\/www.facebook.com\\\/agdomus\\\/\",\"https:\\\/\\\/it.linkedin.com\\\/company\\\/agenzia-domus\",\"https:\\\/\\\/www.instagram.com\\\/agenziadomus\",\"https:\\\/\\\/www.youtube.com\\\/channel\\\/UCbIm796_hjwQTSdw9-5IX3Q\"]}]}<\/script>\n<!-- \/ Yoast SEO plugin. -->","yoast_head_json":{"title":"Privacy Policy","description":"Agenzia Domus Privacy Policy","robots":{"index":"index","follow":"follow","max-snippet":"max-snippet:-1","max-image-preview":"max-image-preview:large","max-video-preview":"max-video-preview:-1"},"canonical":"https:\/\/www.agenzia-domus.com\/fr\/privacy-policy\/","og_locale":"fr_FR","og_type":"article","og_title":"Privacy Policy","og_description":"Agenzia Domus Privacy Policy","og_url":"https:\/\/www.agenzia-domus.com\/fr\/privacy-policy\/","og_site_name":"Agenzia Domus","article_publisher":"https:\/\/www.facebook.com\/agdomus\/","article_modified_time":"2025-03-25T09:05:34+00:00","twitter_card":"summary_large_image","twitter_misc":{"Dur\u00e9e de lecture estim\u00e9e":"3 minutes"},"schema":{"@context":"https:\/\/schema.org","@graph":[{"@type":"WebPage","@id":"https:\/\/www.agenzia-domus.com\/fr\/privacy-policy\/","url":"https:\/\/www.agenzia-domus.com\/fr\/privacy-policy\/","name":"Privacy Policy","isPartOf":{"@id":"https:\/\/www.agenzia-domus.com\/fr\/#website"},"datePublished":"2018-05-28T09:25:46+00:00","dateModified":"2025-03-25T09:05:34+00:00","description":"Agenzia Domus Privacy Policy","breadcrumb":{"@id":"https:\/\/www.agenzia-domus.com\/fr\/privacy-policy\/#breadcrumb"},"inLanguage":"fr-FR","potentialAction":[{"@type":"ReadAction","target":[["https:\/\/www.agenzia-domus.com\/fr\/privacy-policy\/"]]}]},{"@type":"BreadcrumbList","@id":"https:\/\/www.agenzia-domus.com\/fr\/privacy-policy\/#breadcrumb","itemListElement":[{"@type":"ListItem","position":1,"name":"Home","item":"https:\/\/www.agenzia-domus.com\/fr\/"},{"@type":"ListItem","position":2,"name":"Privacy Policy"}]},{"@type":"WebSite","@id":"https:\/\/www.agenzia-domus.com\/fr\/#website","url":"https:\/\/www.agenzia-domus.com\/fr\/","name":"Agenzia Domus","description":"More than 50 years in the properties market!","publisher":{"@id":"https:\/\/www.agenzia-domus.com\/fr\/#organization"},"potentialAction":[{"@type":"SearchAction","target":{"@type":"EntryPoint","urlTemplate":"https:\/\/www.agenzia-domus.com\/fr\/?s={search_term_string}"},"query-input":{"@type":"PropertyValueSpecification","valueRequired":true,"valueName":"search_term_string"}}],"inLanguage":"fr-FR"},{"@type":"Organization","@id":"https:\/\/www.agenzia-domus.com\/fr\/#organization","name":"Agenzia Domus","url":"https:\/\/www.agenzia-domus.com\/fr\/","logo":{"@type":"ImageObject","inLanguage":"fr-FR","@id":"https:\/\/www.agenzia-domus.com\/fr\/#\/schema\/logo\/image\/","url":"https:\/\/www.agenzia-domus.com\/wp-content\/uploads\/2022\/10\/cropped-Domus-Logo-blue.png","contentUrl":"https:\/\/www.agenzia-domus.com\/wp-content\/uploads\/2022\/10\/cropped-Domus-Logo-blue.png","width":240,"height":87,"caption":"Agenzia Domus"},"image":{"@id":"https:\/\/www.agenzia-domus.com\/fr\/#\/schema\/logo\/image\/"},"sameAs":["https:\/\/www.facebook.com\/agdomus\/","https:\/\/it.linkedin.com\/company\/agenzia-domus","https:\/\/www.instagram.com\/agenziadomus","https:\/\/www.youtube.com\/channel\/UCbIm796_hjwQTSdw9-5IX3Q"]}]}},"_links":{"self":[{"href":"https:\/\/www.agenzia-domus.com\/fr\/wp-json\/wp\/v2\/pages\/7417","targetHints":{"allow":["GET"]}}],"collection":[{"href":"https:\/\/www.agenzia-domus.com\/fr\/wp-json\/wp\/v2\/pages"}],"about":[{"href":"https:\/\/www.agenzia-domus.com\/fr\/wp-json\/wp\/v2\/types\/page"}],"author":[{"embeddable":true,"href":"https:\/\/www.agenzia-domus.com\/fr\/wp-json\/wp\/v2\/users\/1"}],"replies":[{"embeddable":true,"href":"https:\/\/www.agenzia-domus.com\/fr\/wp-json\/wp\/v2\/comments?post=7417"}],"version-history":[{"count":20,"href":"https:\/\/www.agenzia-domus.com\/fr\/wp-json\/wp\/v2\/pages\/7417\/revisions"}],"predecessor-version":[{"id":48644,"href":"https:\/\/www.agenzia-domus.com\/fr\/wp-json\/wp\/v2\/pages\/7417\/revisions\/48644"}],"wp:attachment":[{"href":"https:\/\/www.agenzia-domus.com\/fr\/wp-json\/wp\/v2\/media?parent=7417"}],"wp:term":[{"taxonomy":"page_category","embeddable":true,"href":"https:\/\/www.agenzia-domus.com\/fr\/wp-json\/wp\/v2\/page_category?post=7417"},{"taxonomy":"page_tag","embeddable":true,"href":"https:\/\/www.agenzia-domus.com\/fr\/wp-json\/wp\/v2\/page_tag?post=7417"}],"curies":[{"name":"wp","href":"https:\/\/api.w.org\/{rel}","templated":true}]}}