{"id":1485,"date":"2017-01-06T23:57:13","date_gmt":"2017-01-06T22:57:13","guid":{"rendered":"http:\/\/www.agenzia-domus.com\/wp\/?page_id=1485"},"modified":"2025-08-08T12:12:30","modified_gmt":"2025-08-08T10:12:30","slug":"two-room-sanremo","status":"publish","type":"page","link":"https:\/\/www.agenzia-domus.com\/it\/bilocali-italia\/two-room-liguria\/two-rooms-riviera\/two-room-sanremo\/","title":{"rendered":"Bilocali Sanremo"},"content":{"rendered":"<p>Centro principale della Riviera dei Fiori, della quale \u00e8 il comune pi\u00f9 grande per popolazione, Sanremo \u00e8 infatti nota come la citt\u00e0 dei fiori. Adagiata tra le colline e il mare, Sanremo \u00e8 sede di un Casino tra i pi\u00f9 antichi d\u2019Italia, che si trova subito al di sopra delle spiagge sottostanti la passeggiata dell\u2019Imperatrice, lungomare dedicato alla zarina Maria Aleksandrovna. Proprio accanto al Casino si trova la Chiesa di Cristo Salvatore o Chiesa Russa, a testimonianza del forte legame storico di questa cittadina con il popolo e la cultura russe, e la presenza di una comunit\u00e0 russo-ortodossa gi\u00e0 in tempi storici. Sede del festival di Sanremo o Festival della canzone trasmesso ogni anno in eurovisione, Sanremo offre altri interessanti eventi come il Rally di Sanremo e la sfilata dei Carri Fioriti. Nelle vicinanze si trovano inoltre punti di interesse come il villaggio di Bussana Vecchia, ritrovo internazionale di artisti.<\/p>\n<p>I bilocali rappresentano la soluzione pi\u00f9 economica e conveniente da noi offerta. Abbiamo alloggi collocati in zone e su piani diversi e con diverse caratteristiche, come posizione centrale, accesso alle spiagge, vista mare, fronte mare.<\/p>\n<blockquote><p>ATTENZIONE: Disponiamo di ulteriori proposte che per scelta di privacy del venditore non siamo autorizzati a pubblicizzare sul web ma abbiamo piena autorizzazione alla visita. Per conoscere tutte le nostre proposte, contattateci per telefono +39.0184.262368 o email info@agenzia-domus.it e fissate un appuntamento presso i nostri uffici.<\/p><\/blockquote>\n<p><\/p>","protected":false},"excerpt":{"rendered":"<p>Centro principale della Riviera dei Fiori, della quale \u00e8 il comune pi\u00f9 grande per popolazione, Sanremo \u00e8 infatti nota come la citt\u00e0 dei fiori. Adagiata tra le colline e il mare, Sanremo \u00e8 sede di un Casino tra i pi\u00f9 antichi d\u2019Italia, che si trova subito al di sopra delle spiagge sottostanti la passeggiata dell\u2019Imperatrice,&hellip; <a class=\"more-link\" href=\"https:\/\/www.agenzia-domus.com\/it\/property\/ag-dom-1525-bilocale-con-giardino-privato-e-vista-mare\/\">Continua a leggere <span class=\"screen-reader-text\">AG-DOM 1525 &#8211; Bilocale con giardino privato e vista mare<\/span><\/a><\/p>\n","protected":false},"author":1,"featured_media":0,"parent":1433,"menu_order":0,"comment_status":"closed","ping_status":"closed","template":"","meta":{"footnotes":""},"page_category":[1318],"page_tag":[],"class_list":["post-1485","page","type-page","status-publish","hentry","page_category-content-hubs","entry"],"yoast_head":"<!-- This site is optimized with the Yoast SEO plugin v27.5 - https:\/\/yoast.com\/product\/yoast-seo-wordpress\/ -->\n<title>Bilocali Sanremo<\/title>\n<meta name=\"description\" content=\"Agenzia Domus Bilocali Sanremo\" \/>\n<meta name=\"robots\" content=\"index, follow, max-snippet:-1, max-image-preview:large, max-video-preview:-1\" \/>\n<link rel=\"canonical\" href=\"https:\/\/www.agenzia-domus.com\/it\/two-room-italy\/two-room-liguria\/two-rooms-riviera\/two-room-sanremo\/\" \/>\n<meta property=\"og:locale\" content=\"it_IT\" \/>\n<meta property=\"og:type\" content=\"article\" \/>\n<meta property=\"og:title\" content=\"Bilocali Sanremo\" \/>\n<meta property=\"og:description\" content=\"Agenzia Domus Bilocali Sanremo\" \/>\n<meta property=\"og:url\" content=\"https:\/\/www.agenzia-domus.com\/it\/two-room-italy\/two-room-liguria\/two-rooms-riviera\/two-room-sanremo\/\" \/>\n<meta property=\"og:site_name\" content=\"Agenzia Domus\" \/>\n<meta property=\"article:publisher\" content=\"https:\/\/www.facebook.com\/agdomus\/\" \/>\n<meta property=\"article:modified_time\" content=\"2025-08-08T10:12:30+00:00\" \/>\n<meta name=\"twitter:card\" content=\"summary_large_image\" \/>\n<meta name=\"twitter:label1\" content=\"Tempo di lettura stimato\" \/>\n\t<meta name=\"twitter:data1\" content=\"4 minuti\" \/>\n<script type=\"application\/ld+json\" class=\"yoast-schema-graph\">{\"@context\":\"https:\\\/\\\/schema.org\",\"@graph\":[{\"@type\":\"WebPage\",\"@id\":\"https:\\\/\\\/www.agenzia-domus.com\\\/it\\\/two-room-italy\\\/two-room-liguria\\\/two-rooms-riviera\\\/two-room-sanremo\\\/\",\"url\":\"https:\\\/\\\/www.agenzia-domus.com\\\/it\\\/two-room-italy\\\/two-room-liguria\\\/two-rooms-riviera\\\/two-room-sanremo\\\/\",\"name\":\"Bilocali Sanremo\",\"isPartOf\":{\"@id\":\"https:\\\/\\\/www.agenzia-domus.com\\\/it\\\/#website\"},\"datePublished\":\"2017-01-06T22:57:13+00:00\",\"dateModified\":\"2025-08-08T10:12:30+00:00\",\"description\":\"Agenzia Domus Bilocali Sanremo\",\"breadcrumb\":{\"@id\":\"https:\\\/\\\/www.agenzia-domus.com\\\/it\\\/two-room-italy\\\/two-room-liguria\\\/two-rooms-riviera\\\/two-room-sanremo\\\/#breadcrumb\"},\"inLanguage\":\"it-IT\",\"potentialAction\":[{\"@type\":\"ReadAction\",\"target\":[[\"https:\\\/\\\/www.agenzia-domus.com\\\/it\\\/two-room-italy\\\/two-room-liguria\\\/two-rooms-riviera\\\/two-room-sanremo\\\/\"]]}]},{\"@type\":\"BreadcrumbList\",\"@id\":\"https:\\\/\\\/www.agenzia-domus.com\\\/it\\\/two-room-italy\\\/two-room-liguria\\\/two-rooms-riviera\\\/two-room-sanremo\\\/#breadcrumb\",\"itemListElement\":[{\"@type\":\"ListItem\",\"position\":1,\"name\":\"Home\",\"item\":\"https:\\\/\\\/www.agenzia-domus.com\\\/it\\\/\"},{\"@type\":\"ListItem\",\"position\":2,\"name\":\"two-room-italy\",\"item\":\"https:\\\/\\\/www.agenzia-domus.com\\\/it\\\/two-room-italy\\\/\"},{\"@type\":\"ListItem\",\"position\":3,\"name\":\"two-room-liguria\",\"item\":\"https:\\\/\\\/www.agenzia-domus.com\\\/it\\\/two-room-italy\\\/two-room-liguria\\\/\"},{\"@type\":\"ListItem\",\"position\":4,\"name\":\"two-rooms-riviera\",\"item\":\"https:\\\/\\\/www.agenzia-domus.com\\\/it\\\/two-room-italy\\\/two-room-liguria\\\/two-rooms-riviera\\\/\"},{\"@type\":\"ListItem\",\"position\":5,\"name\":\"Two-Room-Sanremo\"}]},{\"@type\":\"WebSite\",\"@id\":\"https:\\\/\\\/www.agenzia-domus.com\\\/it\\\/#website\",\"url\":\"https:\\\/\\\/www.agenzia-domus.com\\\/it\\\/\",\"name\":\"Agenzia Domus\",\"description\":\"Da oltre 50 anni nel mercato immobiliare\",\"publisher\":{\"@id\":\"https:\\\/\\\/www.agenzia-domus.com\\\/it\\\/#organization\"},\"potentialAction\":[{\"@type\":\"SearchAction\",\"target\":{\"@type\":\"EntryPoint\",\"urlTemplate\":\"https:\\\/\\\/www.agenzia-domus.com\\\/it\\\/?s={search_term_string}\"},\"query-input\":{\"@type\":\"PropertyValueSpecification\",\"valueRequired\":true,\"valueName\":\"search_term_string\"}}],\"inLanguage\":\"it-IT\"},{\"@type\":\"Organization\",\"@id\":\"https:\\\/\\\/www.agenzia-domus.com\\\/it\\\/#organization\",\"name\":\"Agenzia Domus\",\"url\":\"https:\\\/\\\/www.agenzia-domus.com\\\/it\\\/\",\"logo\":{\"@type\":\"ImageObject\",\"inLanguage\":\"it-IT\",\"@id\":\"https:\\\/\\\/www.agenzia-domus.com\\\/it\\\/#\\\/schema\\\/logo\\\/image\\\/\",\"url\":\"https:\\\/\\\/www.agenzia-domus.com\\\/wp-content\\\/uploads\\\/2022\\\/10\\\/cropped-Domus-Logo-blue.png\",\"contentUrl\":\"https:\\\/\\\/www.agenzia-domus.com\\\/wp-content\\\/uploads\\\/2022\\\/10\\\/cropped-Domus-Logo-blue.png\",\"width\":240,\"height\":87,\"caption\":\"Agenzia Domus\"},\"image\":{\"@id\":\"https:\\\/\\\/www.agenzia-domus.com\\\/it\\\/#\\\/schema\\\/logo\\\/image\\\/\"},\"sameAs\":[\"https:\\\/\\\/www.facebook.com\\\/agdomus\\\/\",\"https:\\\/\\\/it.linkedin.com\\\/company\\\/agenzia-domus\",\"https:\\\/\\\/www.instagram.com\\\/agenziadomus\",\"https:\\\/\\\/www.youtube.com\\\/channel\\\/UCbIm796_hjwQTSdw9-5IX3Q\"]}]}<\/script>\n<!-- \/ Yoast SEO plugin. -->","yoast_head_json":{"title":"Bilocali Sanremo","description":"Agenzia Domus Bilocali Sanremo","robots":{"index":"index","follow":"follow","max-snippet":"max-snippet:-1","max-image-preview":"max-image-preview:large","max-video-preview":"max-video-preview:-1"},"canonical":"https:\/\/www.agenzia-domus.com\/it\/two-room-italy\/two-room-liguria\/two-rooms-riviera\/two-room-sanremo\/","og_locale":"it_IT","og_type":"article","og_title":"Bilocali Sanremo","og_description":"Agenzia Domus Bilocali Sanremo","og_url":"https:\/\/www.agenzia-domus.com\/it\/two-room-italy\/two-room-liguria\/two-rooms-riviera\/two-room-sanremo\/","og_site_name":"Agenzia Domus","article_publisher":"https:\/\/www.facebook.com\/agdomus\/","article_modified_time":"2025-08-08T10:12:30+00:00","twitter_card":"summary_large_image","twitter_misc":{"Tempo di lettura stimato":"4 minuti"},"schema":{"@context":"https:\/\/schema.org","@graph":[{"@type":"WebPage","@id":"https:\/\/www.agenzia-domus.com\/it\/two-room-italy\/two-room-liguria\/two-rooms-riviera\/two-room-sanremo\/","url":"https:\/\/www.agenzia-domus.com\/it\/two-room-italy\/two-room-liguria\/two-rooms-riviera\/two-room-sanremo\/","name":"Bilocali Sanremo","isPartOf":{"@id":"https:\/\/www.agenzia-domus.com\/it\/#website"},"datePublished":"2017-01-06T22:57:13+00:00","dateModified":"2025-08-08T10:12:30+00:00","description":"Agenzia Domus Bilocali Sanremo","breadcrumb":{"@id":"https:\/\/www.agenzia-domus.com\/it\/two-room-italy\/two-room-liguria\/two-rooms-riviera\/two-room-sanremo\/#breadcrumb"},"inLanguage":"it-IT","potentialAction":[{"@type":"ReadAction","target":[["https:\/\/www.agenzia-domus.com\/it\/two-room-italy\/two-room-liguria\/two-rooms-riviera\/two-room-sanremo\/"]]}]},{"@type":"BreadcrumbList","@id":"https:\/\/www.agenzia-domus.com\/it\/two-room-italy\/two-room-liguria\/two-rooms-riviera\/two-room-sanremo\/#breadcrumb","itemListElement":[{"@type":"ListItem","position":1,"name":"Home","item":"https:\/\/www.agenzia-domus.com\/it\/"},{"@type":"ListItem","position":2,"name":"two-room-italy","item":"https:\/\/www.agenzia-domus.com\/it\/two-room-italy\/"},{"@type":"ListItem","position":3,"name":"two-room-liguria","item":"https:\/\/www.agenzia-domus.com\/it\/two-room-italy\/two-room-liguria\/"},{"@type":"ListItem","position":4,"name":"two-rooms-riviera","item":"https:\/\/www.agenzia-domus.com\/it\/two-room-italy\/two-room-liguria\/two-rooms-riviera\/"},{"@type":"ListItem","position":5,"name":"Two-Room-Sanremo"}]},{"@type":"WebSite","@id":"https:\/\/www.agenzia-domus.com\/it\/#website","url":"https:\/\/www.agenzia-domus.com\/it\/","name":"Agenzia Domus","description":"Da oltre 50 anni nel mercato immobiliare","publisher":{"@id":"https:\/\/www.agenzia-domus.com\/it\/#organization"},"potentialAction":[{"@type":"SearchAction","target":{"@type":"EntryPoint","urlTemplate":"https:\/\/www.agenzia-domus.com\/it\/?s={search_term_string}"},"query-input":{"@type":"PropertyValueSpecification","valueRequired":true,"valueName":"search_term_string"}}],"inLanguage":"it-IT"},{"@type":"Organization","@id":"https:\/\/www.agenzia-domus.com\/it\/#organization","name":"Agenzia Domus","url":"https:\/\/www.agenzia-domus.com\/it\/","logo":{"@type":"ImageObject","inLanguage":"it-IT","@id":"https:\/\/www.agenzia-domus.com\/it\/#\/schema\/logo\/image\/","url":"https:\/\/www.agenzia-domus.com\/wp-content\/uploads\/2022\/10\/cropped-Domus-Logo-blue.png","contentUrl":"https:\/\/www.agenzia-domus.com\/wp-content\/uploads\/2022\/10\/cropped-Domus-Logo-blue.png","width":240,"height":87,"caption":"Agenzia Domus"},"image":{"@id":"https:\/\/www.agenzia-domus.com\/it\/#\/schema\/logo\/image\/"},"sameAs":["https:\/\/www.facebook.com\/agdomus\/","https:\/\/it.linkedin.com\/company\/agenzia-domus","https:\/\/www.instagram.com\/agenziadomus","https:\/\/www.youtube.com\/channel\/UCbIm796_hjwQTSdw9-5IX3Q"]}]}},"_links":{"self":[{"href":"https:\/\/www.agenzia-domus.com\/it\/wp-json\/wp\/v2\/pages\/1485","targetHints":{"allow":["GET"]}}],"collection":[{"href":"https:\/\/www.agenzia-domus.com\/it\/wp-json\/wp\/v2\/pages"}],"about":[{"href":"https:\/\/www.agenzia-domus.com\/it\/wp-json\/wp\/v2\/types\/page"}],"author":[{"embeddable":true,"href":"https:\/\/www.agenzia-domus.com\/it\/wp-json\/wp\/v2\/users\/1"}],"replies":[{"embeddable":true,"href":"https:\/\/www.agenzia-domus.com\/it\/wp-json\/wp\/v2\/comments?post=1485"}],"version-history":[{"count":3,"href":"https:\/\/www.agenzia-domus.com\/it\/wp-json\/wp\/v2\/pages\/1485\/revisions"}],"predecessor-version":[{"id":5612,"href":"https:\/\/www.agenzia-domus.com\/it\/wp-json\/wp\/v2\/pages\/1485\/revisions\/5612"}],"up":[{"embeddable":true,"href":"https:\/\/www.agenzia-domus.com\/it\/wp-json\/wp\/v2\/pages\/1433"}],"wp:attachment":[{"href":"https:\/\/www.agenzia-domus.com\/it\/wp-json\/wp\/v2\/media?parent=1485"}],"wp:term":[{"taxonomy":"page_category","embeddable":true,"href":"https:\/\/www.agenzia-domus.com\/it\/wp-json\/wp\/v2\/page_category?post=1485"},{"taxonomy":"page_tag","embeddable":true,"href":"https:\/\/www.agenzia-domus.com\/it\/wp-json\/wp\/v2\/page_tag?post=1485"}],"curies":[{"name":"wp","href":"https:\/\/api.w.org\/{rel}","templated":true}]}}