{"id":1577,"date":"2017-01-07T00:44:05","date_gmt":"2017-01-06T23:44:05","guid":{"rendered":"http:\/\/www.agenzia-domus.com\/wp\/?page_id=1577"},"modified":"2025-08-08T12:15:01","modified_gmt":"2025-08-08T10:15:01","slug":"three-room-costa-azzurra","status":"publish","type":"page","link":"https:\/\/www.agenzia-domus.com\/it\/three-room-costa-azzurra\/","title":{"rendered":"Trilocali Costa Azzurra"},"content":{"rendered":"<p>La costa Azzurra \u00e8 la zona costiera di vacanza della Francia pi\u00f9 famosa e rinomata al mondo.<br \/>\nArea orientale della costa mediterranea della Francia include Mentone, grazioso paese appena al di l\u00e0 del confine, Monaco, il celebre principato, Nizza, tanto amata dai pittori per la sua luce straordinaria, Antibes dalla quale si vedono contemporaneamente il mare e le cime innevate, Cannes famosa per il festival del cinema ed il salone nautico, oltre che per la sua lunga passeggiata mare a raso delle spiagge, Saint Tropez, meta turistica d\u2019elezione dei VIPs,  ed una incredibile ricchezza naturale e di paesaggi, essendo il punto d\u2019incontro tra le montagne (le Alpi Marittime) e il mare. Moltissimi i punti di interesse culturali, artistici e naturali: impossibile elencarli in questa sede, e altrettanto impossibile segnalare i moltissimi eventi che animano le citt\u00e0 e cittadine di quest\u2019area. Oltre ai suoi centri pi\u00f9 celebri, la Costa Azzurra offre anche fiabeschi paesi, come \u00c8ze, Villefranche, Roquebrune, e pi\u00f9 ad occidente seguendo la costa Vance e Saint Paul du Vance.<\/p>\n<p>Proponiamo alloggi collocati in zone e su piani diversi e con diverse caratteristiche, come posizione centrale, accesso alle spiagge, vista mare, fronte mare.<\/p>\n<blockquote><p>ATTENZIONE: Disponiamo di ulteriori proposte che per scelta di privacy del venditore non siamo autorizzati a pubblicizzare sul web ma abbiamo piena autorizzazione alla visita. Per conoscere tutte le nostre proposte, contattateci per telefono +39.0184.262368 o email info@agenzia-domus.it e fissate un appuntamento presso i nostri uffici.<\/p><\/blockquote>\n<p><br \/>\n       <ul class=\"post-listing\">\n                        <li id=\"post-58163\" class=\"post-58163 property type-property status-publish has-post-thumbnail hentry propertytype-apartment city-bordighera lease_terms-sale entry\">\n\t\t\t\t<div class=\"list-thumb\"><a href=\"https:\/\/www.agenzia-domus.com\/it\/property\/ag-dom-4393-quadrilocale-con-vista-mare-in-vendita-a-bordighera\/\"><img loading=\"lazy\" decoding=\"async\" width=\"750\" height=\"500\" src=\"https:\/\/www.agenzia-domus.com\/wp-content\/uploads\/2026\/02\/MG_0044-HDR-1024x683.jpg\" class=\"attachment-large size-large wp-post-image\" alt=\"\" srcset=\"https:\/\/www.agenzia-domus.com\/wp-content\/uploads\/2026\/02\/MG_0044-HDR-1024x683.jpg 1024w, https:\/\/www.agenzia-domus.com\/wp-content\/uploads\/2026\/02\/MG_0044-HDR-300x200.jpg 300w, https:\/\/www.agenzia-domus.com\/wp-content\/uploads\/2026\/02\/MG_0044-HDR-500x334.jpg 500w, https:\/\/www.agenzia-domus.com\/wp-content\/uploads\/2026\/02\/MG_0044-HDR-1536x1025.jpg 1536w, https:\/\/www.agenzia-domus.com\/wp-content\/uploads\/2026\/02\/MG_0044-HDR-1920x1281.jpg 1920w, https:\/\/www.agenzia-domus.com\/wp-content\/uploads\/2026\/02\/MG_0044-HDR-1568x1046.jpg 1568w, https:\/\/www.agenzia-domus.com\/wp-content\/uploads\/2026\/02\/MG_0044-HDR.jpg 2000w\" sizes=\"auto, (max-width: 750px) 100vw, 750px\" style=\"width:100%;height:66.7%;max-width:2000px;\" \/><\/a><\/div>\n                <span class=\"title\"><a href=\"https:\/\/www.agenzia-domus.com\/it\/property\/ag-dom-4393-quadrilocale-con-vista-mare-in-vendita-a-bordighera\/\">AG-DOM 4393 &#8211; Quadrilocale con vista mare in vendita a Bordighera<\/a><\/span>\n            <\/li>\n                        <li id=\"post-59987\" class=\"post-59987 property type-property status-publish has-post-thumbnail hentry propertytype-apartment city-bordighera lease_terms-sale entry\">\n\t\t\t\t<div class=\"list-thumb\"><a href=\"https:\/\/www.agenzia-domus.com\/it\/property\/ag-dom-4396-trilocale-in-vendita-a-bordighera\/\"><img loading=\"lazy\" decoding=\"async\" width=\"750\" height=\"500\" src=\"https:\/\/www.agenzia-domus.com\/wp-content\/uploads\/2026\/03\/MG_0748-HDR-1024x683.jpg\" class=\"attachment-large size-large wp-post-image\" alt=\"\" srcset=\"https:\/\/www.agenzia-domus.com\/wp-content\/uploads\/2026\/03\/MG_0748-HDR-1024x683.jpg 1024w, https:\/\/www.agenzia-domus.com\/wp-content\/uploads\/2026\/03\/MG_0748-HDR-300x200.jpg 300w, https:\/\/www.agenzia-domus.com\/wp-content\/uploads\/2026\/03\/MG_0748-HDR-500x334.jpg 500w, https:\/\/www.agenzia-domus.com\/wp-content\/uploads\/2026\/03\/MG_0748-HDR-1536x1025.jpg 1536w, https:\/\/www.agenzia-domus.com\/wp-content\/uploads\/2026\/03\/MG_0748-HDR-1920x1281.jpg 1920w, https:\/\/www.agenzia-domus.com\/wp-content\/uploads\/2026\/03\/MG_0748-HDR-1568x1046.jpg 1568w, https:\/\/www.agenzia-domus.com\/wp-content\/uploads\/2026\/03\/MG_0748-HDR.jpg 2000w\" sizes=\"auto, (max-width: 750px) 100vw, 750px\" style=\"width:100%;height:66.7%;max-width:2000px;\" \/><\/a><\/div>\n                <span class=\"title\"><a href=\"https:\/\/www.agenzia-domus.com\/it\/property\/ag-dom-4396-trilocale-in-vendita-a-bordighera\/\">AG-DOM 4396 &#8211; Trilocale in vendita a Bordighera<\/a><\/span>\n            <\/li>\n                        <li id=\"post-58103\" class=\"post-58103 property type-property status-publish has-post-thumbnail hentry propertytype-apartment city-bordighera lease_terms-sale entry\">\n\t\t\t\t<div class=\"list-thumb\"><a href=\"https:\/\/www.agenzia-domus.com\/it\/property\/ag-dom-4390-trilocale-in-vendita-a-bordighera\/\"><img loading=\"lazy\" decoding=\"async\" width=\"750\" height=\"500\" src=\"https:\/\/www.agenzia-domus.com\/wp-content\/uploads\/2026\/02\/MG_0695-HDR-1024x683.jpg\" class=\"attachment-large size-large wp-post-image\" alt=\"\" srcset=\"https:\/\/www.agenzia-domus.com\/wp-content\/uploads\/2026\/02\/MG_0695-HDR-1024x683.jpg 1024w, https:\/\/www.agenzia-domus.com\/wp-content\/uploads\/2026\/02\/MG_0695-HDR-300x200.jpg 300w, https:\/\/www.agenzia-domus.com\/wp-content\/uploads\/2026\/02\/MG_0695-HDR-500x334.jpg 500w, https:\/\/www.agenzia-domus.com\/wp-content\/uploads\/2026\/02\/MG_0695-HDR-1536x1025.jpg 1536w, https:\/\/www.agenzia-domus.com\/wp-content\/uploads\/2026\/02\/MG_0695-HDR-1920x1281.jpg 1920w, https:\/\/www.agenzia-domus.com\/wp-content\/uploads\/2026\/02\/MG_0695-HDR-1568x1046.jpg 1568w, https:\/\/www.agenzia-domus.com\/wp-content\/uploads\/2026\/02\/MG_0695-HDR.jpg 2000w\" sizes=\"auto, (max-width: 750px) 100vw, 750px\" style=\"width:100%;height:66.7%;max-width:2000px;\" \/><\/a><\/div>\n                <span class=\"title\"><a href=\"https:\/\/www.agenzia-domus.com\/it\/property\/ag-dom-4390-trilocale-in-vendita-a-bordighera\/\">AG-DOM 4390 &#8211; Trilocale in vendita a Bordighera<\/a><\/span>\n            <\/li>\n                        <li id=\"post-59679\" class=\"post-59679 property type-property status-publish has-post-thumbnail hentry propertytype-apartment city-bordighera lease_terms-sale entry\">\n\t\t\t\t<div class=\"list-thumb\"><a href=\"https:\/\/www.agenzia-domus.com\/it\/property\/ag-dom-4275-casa-indipendente-in-vendita-a-bordighera\/\"><img loading=\"lazy\" decoding=\"async\" width=\"750\" height=\"422\" src=\"https:\/\/www.agenzia-domus.com\/wp-content\/uploads\/2026\/03\/DJI_0059-1024x576.jpg\" class=\"attachment-large size-large wp-post-image\" alt=\"\" srcset=\"https:\/\/www.agenzia-domus.com\/wp-content\/uploads\/2026\/03\/DJI_0059-1024x576.jpg 1024w, https:\/\/www.agenzia-domus.com\/wp-content\/uploads\/2026\/03\/DJI_0059-300x169.jpg 300w, https:\/\/www.agenzia-domus.com\/wp-content\/uploads\/2026\/03\/DJI_0059-500x281.jpg 500w, https:\/\/www.agenzia-domus.com\/wp-content\/uploads\/2026\/03\/DJI_0059-1536x864.jpg 1536w, https:\/\/www.agenzia-domus.com\/wp-content\/uploads\/2026\/03\/DJI_0059-1920x1080.jpg 1920w, https:\/\/www.agenzia-domus.com\/wp-content\/uploads\/2026\/03\/DJI_0059-1568x882.jpg 1568w, https:\/\/www.agenzia-domus.com\/wp-content\/uploads\/2026\/03\/DJI_0059.jpg 2000w\" sizes=\"auto, (max-width: 750px) 100vw, 750px\" style=\"width:100%;height:56.25%;max-width:2000px;\" \/><\/a><\/div>\n                <span class=\"title\"><a href=\"https:\/\/www.agenzia-domus.com\/it\/property\/ag-dom-4275-casa-indipendente-in-vendita-a-bordighera\/\">AG-DOM 4275 &#8211; Casa indipendente in vendita a Bordighera<\/a><\/span>\n            <\/li>\n                        <li id=\"post-58383\" class=\"post-58383 property type-property status-publish has-post-thumbnail hentry propertytype-apartment city-bordighera lease_terms-sale entry\">\n\t\t\t\t<div class=\"list-thumb\"><a href=\"https:\/\/www.agenzia-domus.com\/it\/property\/ag-dom-4391-trilocale-in-vendita-a-bordighera\/\"><img loading=\"lazy\" decoding=\"async\" width=\"750\" height=\"500\" src=\"https:\/\/www.agenzia-domus.com\/wp-content\/uploads\/2026\/02\/MG_0459-HDR-1024x683.jpg\" class=\"attachment-large size-large wp-post-image\" alt=\"\" srcset=\"https:\/\/www.agenzia-domus.com\/wp-content\/uploads\/2026\/02\/MG_0459-HDR-1024x683.jpg 1024w, https:\/\/www.agenzia-domus.com\/wp-content\/uploads\/2026\/02\/MG_0459-HDR-300x200.jpg 300w, https:\/\/www.agenzia-domus.com\/wp-content\/uploads\/2026\/02\/MG_0459-HDR-500x334.jpg 500w, https:\/\/www.agenzia-domus.com\/wp-content\/uploads\/2026\/02\/MG_0459-HDR-1536x1025.jpg 1536w, https:\/\/www.agenzia-domus.com\/wp-content\/uploads\/2026\/02\/MG_0459-HDR-1920x1281.jpg 1920w, https:\/\/www.agenzia-domus.com\/wp-content\/uploads\/2026\/02\/MG_0459-HDR-1568x1046.jpg 1568w, https:\/\/www.agenzia-domus.com\/wp-content\/uploads\/2026\/02\/MG_0459-HDR.jpg 2000w\" sizes=\"auto, (max-width: 750px) 100vw, 750px\" style=\"width:100%;height:66.7%;max-width:2000px;\" \/><\/a><\/div>\n                <span class=\"title\"><a href=\"https:\/\/www.agenzia-domus.com\/it\/property\/ag-dom-4391-trilocale-in-vendita-a-bordighera\/\">AG-DOM 4391 &#8211; Trilocale in vendita a Bordighera<\/a><\/span>\n            <\/li>\n                        <li id=\"post-58697\" class=\"post-58697 property type-property status-publish has-post-thumbnail hentry propertytype-apartment city-bordighera lease_terms-sale entry\">\n\t\t\t\t<div class=\"list-thumb\"><a href=\"https:\/\/www.agenzia-domus.com\/it\/property\/ag-dom-4379-trilocale-in-vendita-a-bordighera\/\"><img loading=\"lazy\" decoding=\"async\" width=\"750\" height=\"500\" src=\"https:\/\/www.agenzia-domus.com\/wp-content\/uploads\/2026\/02\/25-1024x682.jpg\" class=\"attachment-large size-large wp-post-image\" alt=\"\" srcset=\"https:\/\/www.agenzia-domus.com\/wp-content\/uploads\/2026\/02\/25-1024x682.jpg 1024w, https:\/\/www.agenzia-domus.com\/wp-content\/uploads\/2026\/02\/25-300x200.jpg 300w, https:\/\/www.agenzia-domus.com\/wp-content\/uploads\/2026\/02\/25-500x333.jpg 500w, https:\/\/www.agenzia-domus.com\/wp-content\/uploads\/2026\/02\/25-1536x1023.jpg 1536w, https:\/\/www.agenzia-domus.com\/wp-content\/uploads\/2026\/02\/25-2048x1364.jpg 2048w, https:\/\/www.agenzia-domus.com\/wp-content\/uploads\/2026\/02\/25-1920x1278.jpg 1920w, https:\/\/www.agenzia-domus.com\/wp-content\/uploads\/2026\/02\/25-1568x1044.jpg 1568w\" sizes=\"auto, (max-width: 750px) 100vw, 750px\" style=\"width:100%;height:66.58%;max-width:2400px;\" \/><\/a><\/div>\n                <span class=\"title\"><a href=\"https:\/\/www.agenzia-domus.com\/it\/property\/ag-dom-4379-trilocale-in-vendita-a-bordighera\/\">AG-DOM 4379 &#8211; Trilocale in vendita a Bordighera<\/a><\/span>\n            <\/li>\n                        <li id=\"post-56175\" class=\"post-56175 property type-property status-publish has-post-thumbnail hentry propertytype-apartment city-bordighera lease_terms-rent entry\">\n\t\t\t\t<div class=\"list-thumb\"><a href=\"https:\/\/www.agenzia-domus.com\/it\/property\/ag-dom-a4169-trilocale-in-affitto-a-bordighera\/\"><img loading=\"lazy\" decoding=\"async\" width=\"750\" height=\"500\" src=\"https:\/\/www.agenzia-domus.com\/wp-content\/uploads\/2025\/11\/MG_0066-HDR-1-1024x683.jpg\" class=\"attachment-large size-large wp-post-image\" alt=\"\" srcset=\"https:\/\/www.agenzia-domus.com\/wp-content\/uploads\/2025\/11\/MG_0066-HDR-1-1024x683.jpg 1024w, https:\/\/www.agenzia-domus.com\/wp-content\/uploads\/2025\/11\/MG_0066-HDR-1-300x200.jpg 300w, https:\/\/www.agenzia-domus.com\/wp-content\/uploads\/2025\/11\/MG_0066-HDR-1-500x334.jpg 500w, https:\/\/www.agenzia-domus.com\/wp-content\/uploads\/2025\/11\/MG_0066-HDR-1-1536x1025.jpg 1536w, https:\/\/www.agenzia-domus.com\/wp-content\/uploads\/2025\/11\/MG_0066-HDR-1-1920x1281.jpg 1920w, https:\/\/www.agenzia-domus.com\/wp-content\/uploads\/2025\/11\/MG_0066-HDR-1-1568x1046.jpg 1568w, https:\/\/www.agenzia-domus.com\/wp-content\/uploads\/2025\/11\/MG_0066-HDR-1.jpg 2000w\" sizes=\"auto, (max-width: 750px) 100vw, 750px\" style=\"width:100%;height:66.7%;max-width:2000px;\" \/><\/a><\/div>\n                <span class=\"title\"><a href=\"https:\/\/www.agenzia-domus.com\/it\/property\/ag-dom-a4169-trilocale-in-affitto-a-bordighera\/\">AG-DOM A4169 &#8211; Trilocale in affitto a Bordighera<\/a><\/span>\n            <\/li>\n                    <\/ul>\n    <\/p>","protected":false},"excerpt":{"rendered":"<p>La costa Azzurra \u00e8 la zona costiera di vacanza della Francia pi\u00f9 famosa e rinomata al mondo. Area orientale della costa mediterranea della Francia include Mentone, grazioso paese appena al di l\u00e0 del confine, Monaco, il celebre principato, Nizza, tanto amata dai pittori per la sua luce straordinaria, Antibes dalla quale si vedono contemporaneamente il&hellip; <a class=\"more-link\" href=\"https:\/\/www.agenzia-domus.com\/it\/property\/ag-dom-a4169-trilocale-in-affitto-a-bordighera\/\">Continua a leggere <span class=\"screen-reader-text\">AG-DOM A4169 &#8211; Trilocale in affitto a Bordighera<\/span><\/a><\/p>\n","protected":false},"author":1,"featured_media":0,"parent":0,"menu_order":0,"comment_status":"closed","ping_status":"closed","template":"","meta":{"footnotes":""},"page_category":[1318],"page_tag":[],"class_list":["post-1577","page","type-page","status-publish","hentry","page_category-content-hubs","entry"],"yoast_head":"<!-- This site is optimized with the Yoast SEO plugin v27.5 - https:\/\/yoast.com\/product\/yoast-seo-wordpress\/ -->\n<title>Trilocali Costa Azzurra<\/title>\n<meta name=\"description\" content=\"Agenzia Domus Trilocali Costa Azzurra\" \/>\n<meta name=\"robots\" content=\"index, follow, max-snippet:-1, max-image-preview:large, max-video-preview:-1\" \/>\n<link rel=\"canonical\" href=\"https:\/\/www.agenzia-domus.com\/it\/three-room-costa-azzurra\/\" \/>\n<meta property=\"og:locale\" content=\"it_IT\" \/>\n<meta property=\"og:type\" content=\"article\" \/>\n<meta property=\"og:title\" content=\"Trilocali Costa Azzurra\" \/>\n<meta property=\"og:description\" content=\"Agenzia Domus Trilocali Costa Azzurra\" \/>\n<meta property=\"og:url\" content=\"https:\/\/www.agenzia-domus.com\/it\/three-room-costa-azzurra\/\" \/>\n<meta property=\"og:site_name\" content=\"Agenzia Domus\" \/>\n<meta property=\"article:publisher\" content=\"https:\/\/www.facebook.com\/agdomus\/\" \/>\n<meta property=\"article:modified_time\" content=\"2025-08-08T10:15:01+00:00\" \/>\n<meta name=\"twitter:card\" content=\"summary_large_image\" \/>\n<meta name=\"twitter:label1\" content=\"Tempo di lettura stimato\" \/>\n\t<meta name=\"twitter:data1\" content=\"5 minuti\" \/>\n<script type=\"application\/ld+json\" class=\"yoast-schema-graph\">{\"@context\":\"https:\\\/\\\/schema.org\",\"@graph\":[{\"@type\":\"WebPage\",\"@id\":\"https:\\\/\\\/www.agenzia-domus.com\\\/it\\\/three-room-costa-azzurra\\\/\",\"url\":\"https:\\\/\\\/www.agenzia-domus.com\\\/it\\\/three-room-costa-azzurra\\\/\",\"name\":\"Trilocali Costa Azzurra\",\"isPartOf\":{\"@id\":\"https:\\\/\\\/www.agenzia-domus.com\\\/it\\\/#website\"},\"datePublished\":\"2017-01-06T23:44:05+00:00\",\"dateModified\":\"2025-08-08T10:15:01+00:00\",\"description\":\"Agenzia Domus Trilocali Costa Azzurra\",\"breadcrumb\":{\"@id\":\"https:\\\/\\\/www.agenzia-domus.com\\\/it\\\/three-room-costa-azzurra\\\/#breadcrumb\"},\"inLanguage\":\"it-IT\",\"potentialAction\":[{\"@type\":\"ReadAction\",\"target\":[[\"https:\\\/\\\/www.agenzia-domus.com\\\/it\\\/three-room-costa-azzurra\\\/\"]]}]},{\"@type\":\"BreadcrumbList\",\"@id\":\"https:\\\/\\\/www.agenzia-domus.com\\\/it\\\/three-room-costa-azzurra\\\/#breadcrumb\",\"itemListElement\":[{\"@type\":\"ListItem\",\"position\":1,\"name\":\"Home\",\"item\":\"https:\\\/\\\/www.agenzia-domus.com\\\/it\\\/\"},{\"@type\":\"ListItem\",\"position\":2,\"name\":\"Three-Room-Costa Azzurra\"}]},{\"@type\":\"WebSite\",\"@id\":\"https:\\\/\\\/www.agenzia-domus.com\\\/it\\\/#website\",\"url\":\"https:\\\/\\\/www.agenzia-domus.com\\\/it\\\/\",\"name\":\"Agenzia Domus\",\"description\":\"Da oltre 50 anni nel mercato immobiliare\",\"publisher\":{\"@id\":\"https:\\\/\\\/www.agenzia-domus.com\\\/it\\\/#organization\"},\"potentialAction\":[{\"@type\":\"SearchAction\",\"target\":{\"@type\":\"EntryPoint\",\"urlTemplate\":\"https:\\\/\\\/www.agenzia-domus.com\\\/it\\\/?s={search_term_string}\"},\"query-input\":{\"@type\":\"PropertyValueSpecification\",\"valueRequired\":true,\"valueName\":\"search_term_string\"}}],\"inLanguage\":\"it-IT\"},{\"@type\":\"Organization\",\"@id\":\"https:\\\/\\\/www.agenzia-domus.com\\\/it\\\/#organization\",\"name\":\"Agenzia Domus\",\"url\":\"https:\\\/\\\/www.agenzia-domus.com\\\/it\\\/\",\"logo\":{\"@type\":\"ImageObject\",\"inLanguage\":\"it-IT\",\"@id\":\"https:\\\/\\\/www.agenzia-domus.com\\\/it\\\/#\\\/schema\\\/logo\\\/image\\\/\",\"url\":\"https:\\\/\\\/www.agenzia-domus.com\\\/wp-content\\\/uploads\\\/2022\\\/10\\\/cropped-Domus-Logo-blue.png\",\"contentUrl\":\"https:\\\/\\\/www.agenzia-domus.com\\\/wp-content\\\/uploads\\\/2022\\\/10\\\/cropped-Domus-Logo-blue.png\",\"width\":240,\"height\":87,\"caption\":\"Agenzia Domus\"},\"image\":{\"@id\":\"https:\\\/\\\/www.agenzia-domus.com\\\/it\\\/#\\\/schema\\\/logo\\\/image\\\/\"},\"sameAs\":[\"https:\\\/\\\/www.facebook.com\\\/agdomus\\\/\",\"https:\\\/\\\/it.linkedin.com\\\/company\\\/agenzia-domus\",\"https:\\\/\\\/www.instagram.com\\\/agenziadomus\",\"https:\\\/\\\/www.youtube.com\\\/channel\\\/UCbIm796_hjwQTSdw9-5IX3Q\"]}]}<\/script>\n<!-- \/ Yoast SEO plugin. -->","yoast_head_json":{"title":"Trilocali Costa Azzurra","description":"Agenzia Domus Trilocali Costa Azzurra","robots":{"index":"index","follow":"follow","max-snippet":"max-snippet:-1","max-image-preview":"max-image-preview:large","max-video-preview":"max-video-preview:-1"},"canonical":"https:\/\/www.agenzia-domus.com\/it\/three-room-costa-azzurra\/","og_locale":"it_IT","og_type":"article","og_title":"Trilocali Costa Azzurra","og_description":"Agenzia Domus Trilocali Costa Azzurra","og_url":"https:\/\/www.agenzia-domus.com\/it\/three-room-costa-azzurra\/","og_site_name":"Agenzia Domus","article_publisher":"https:\/\/www.facebook.com\/agdomus\/","article_modified_time":"2025-08-08T10:15:01+00:00","twitter_card":"summary_large_image","twitter_misc":{"Tempo di lettura stimato":"5 minuti"},"schema":{"@context":"https:\/\/schema.org","@graph":[{"@type":"WebPage","@id":"https:\/\/www.agenzia-domus.com\/it\/three-room-costa-azzurra\/","url":"https:\/\/www.agenzia-domus.com\/it\/three-room-costa-azzurra\/","name":"Trilocali Costa Azzurra","isPartOf":{"@id":"https:\/\/www.agenzia-domus.com\/it\/#website"},"datePublished":"2017-01-06T23:44:05+00:00","dateModified":"2025-08-08T10:15:01+00:00","description":"Agenzia Domus Trilocali Costa Azzurra","breadcrumb":{"@id":"https:\/\/www.agenzia-domus.com\/it\/three-room-costa-azzurra\/#breadcrumb"},"inLanguage":"it-IT","potentialAction":[{"@type":"ReadAction","target":[["https:\/\/www.agenzia-domus.com\/it\/three-room-costa-azzurra\/"]]}]},{"@type":"BreadcrumbList","@id":"https:\/\/www.agenzia-domus.com\/it\/three-room-costa-azzurra\/#breadcrumb","itemListElement":[{"@type":"ListItem","position":1,"name":"Home","item":"https:\/\/www.agenzia-domus.com\/it\/"},{"@type":"ListItem","position":2,"name":"Three-Room-Costa Azzurra"}]},{"@type":"WebSite","@id":"https:\/\/www.agenzia-domus.com\/it\/#website","url":"https:\/\/www.agenzia-domus.com\/it\/","name":"Agenzia Domus","description":"Da oltre 50 anni nel mercato immobiliare","publisher":{"@id":"https:\/\/www.agenzia-domus.com\/it\/#organization"},"potentialAction":[{"@type":"SearchAction","target":{"@type":"EntryPoint","urlTemplate":"https:\/\/www.agenzia-domus.com\/it\/?s={search_term_string}"},"query-input":{"@type":"PropertyValueSpecification","valueRequired":true,"valueName":"search_term_string"}}],"inLanguage":"it-IT"},{"@type":"Organization","@id":"https:\/\/www.agenzia-domus.com\/it\/#organization","name":"Agenzia Domus","url":"https:\/\/www.agenzia-domus.com\/it\/","logo":{"@type":"ImageObject","inLanguage":"it-IT","@id":"https:\/\/www.agenzia-domus.com\/it\/#\/schema\/logo\/image\/","url":"https:\/\/www.agenzia-domus.com\/wp-content\/uploads\/2022\/10\/cropped-Domus-Logo-blue.png","contentUrl":"https:\/\/www.agenzia-domus.com\/wp-content\/uploads\/2022\/10\/cropped-Domus-Logo-blue.png","width":240,"height":87,"caption":"Agenzia Domus"},"image":{"@id":"https:\/\/www.agenzia-domus.com\/it\/#\/schema\/logo\/image\/"},"sameAs":["https:\/\/www.facebook.com\/agdomus\/","https:\/\/it.linkedin.com\/company\/agenzia-domus","https:\/\/www.instagram.com\/agenziadomus","https:\/\/www.youtube.com\/channel\/UCbIm796_hjwQTSdw9-5IX3Q"]}]}},"_links":{"self":[{"href":"https:\/\/www.agenzia-domus.com\/it\/wp-json\/wp\/v2\/pages\/1577","targetHints":{"allow":["GET"]}}],"collection":[{"href":"https:\/\/www.agenzia-domus.com\/it\/wp-json\/wp\/v2\/pages"}],"about":[{"href":"https:\/\/www.agenzia-domus.com\/it\/wp-json\/wp\/v2\/types\/page"}],"author":[{"embeddable":true,"href":"https:\/\/www.agenzia-domus.com\/it\/wp-json\/wp\/v2\/users\/1"}],"replies":[{"embeddable":true,"href":"https:\/\/www.agenzia-domus.com\/it\/wp-json\/wp\/v2\/comments?post=1577"}],"version-history":[{"count":1,"href":"https:\/\/www.agenzia-domus.com\/it\/wp-json\/wp\/v2\/pages\/1577\/revisions"}],"predecessor-version":[{"id":1579,"href":"https:\/\/www.agenzia-domus.com\/it\/wp-json\/wp\/v2\/pages\/1577\/revisions\/1579"}],"wp:attachment":[{"href":"https:\/\/www.agenzia-domus.com\/it\/wp-json\/wp\/v2\/media?parent=1577"}],"wp:term":[{"taxonomy":"page_category","embeddable":true,"href":"https:\/\/www.agenzia-domus.com\/it\/wp-json\/wp\/v2\/page_category?post=1577"},{"taxonomy":"page_tag","embeddable":true,"href":"https:\/\/www.agenzia-domus.com\/it\/wp-json\/wp\/v2\/page_tag?post=1577"}],"curies":[{"name":"wp","href":"https:\/\/api.w.org\/{rel}","templated":true}]}}