{"id":1580,"date":"2017-01-07T00:45:33","date_gmt":"2017-01-06T23:45:33","guid":{"rendered":"http:\/\/www.agenzia-domus.com\/wp\/?page_id=1580"},"modified":"2025-08-08T12:11:40","modified_gmt":"2025-08-08T10:11:40","slug":"two-room-costa-azzurra","status":"publish","type":"page","link":"https:\/\/www.agenzia-domus.com\/it\/bilocali-in-costa-azzurra\/","title":{"rendered":"Bilocali in Costa Azzurra"},"content":{"rendered":"<p>La costa Azzurra \u00e8 la zona costiera di vacanza della Francia pi\u00f9 famosa e rinomata al mondo.<br \/>\nArea orientale della costa mediterranea della Francia include Mentone, grazioso paese appena al di l\u00e0 del confine, Monaco, il celebre principato, Nizza, tanto amata dai pittori per la sua luce straordinaria, Antibes dalla quale si vedono contemporaneamente il mare e le cime innevate, Cannes famosa per il festival del cinema ed il salone nautico, oltre che per la sua lunga passeggiata mare a raso delle spiagge, Saint Tropez, meta turistica d\u2019elezione dei VIPs,  ed una incredibile ricchezza naturale e di paesaggi, essendo il punto d\u2019incontro tra le montagne (le Alpi Marittime) e il mare. Moltissimi i punti di interesse culturali, artistici e naturali: impossibile elencarli in questa sede, e altrettanto impossibile segnalare i moltissimi eventi che animano le citt\u00e0 e cittadine di quest\u2019area. Oltre ai suoi centri pi\u00f9 celebri, la Costa Azzurra offre anche fiabeschi paesi, come \u00c8ze, Villefranche, Roquebrune, e pi\u00f9 ad occidente seguendo la costa Vance e Saint Paul du Vance.<\/p>\n<p>I bilocali rappresentano la soluzione pi\u00f9 economica e conveniente da noi offerta. Abbiamo alloggi collocati in zone e su piani diversi e con diverse caratteristiche, come posizione centrale, accesso alle spiagge, vista mare, fronte mare. <\/p>\n<blockquote><p>ATTENZIONE: Disponiamo di ulteriori proposte che per scelta di privacy del venditore non siamo autorizzati a pubblicizzare sul web ma abbiamo piena autorizzazione alla visita. Per conoscere tutte le nostre proposte, contattateci per telefono +39.0184.262368 o email info@agenzia-domus.it e fissate un appuntamento presso i nostri uffici.<\/p><\/blockquote>\n<p>       <ul class=\"post-listing\">\n                        <li id=\"post-58971\" class=\"post-58971 property type-property status-publish has-post-thumbnail hentry propertytype-apartment city-bordighera lease_terms-holiday-home entry\">\n\t\t\t\t<div class=\"list-thumb\"><a href=\"https:\/\/www.agenzia-domus.com\/it\/property\/ag-dom-a3326-bilocale-in-affitto-transitorio-in-centro-a-bordighera\/\"><img loading=\"lazy\" decoding=\"async\" width=\"750\" height=\"500\" src=\"https:\/\/www.agenzia-domus.com\/wp-content\/uploads\/2026\/02\/MG_0701-HDR-1024x683.jpg\" class=\"attachment-large size-large wp-post-image\" alt=\"\" srcset=\"https:\/\/www.agenzia-domus.com\/wp-content\/uploads\/2026\/02\/MG_0701-HDR-1024x683.jpg 1024w, https:\/\/www.agenzia-domus.com\/wp-content\/uploads\/2026\/02\/MG_0701-HDR-300x200.jpg 300w, https:\/\/www.agenzia-domus.com\/wp-content\/uploads\/2026\/02\/MG_0701-HDR-500x334.jpg 500w, https:\/\/www.agenzia-domus.com\/wp-content\/uploads\/2026\/02\/MG_0701-HDR-1536x1025.jpg 1536w, https:\/\/www.agenzia-domus.com\/wp-content\/uploads\/2026\/02\/MG_0701-HDR-1920x1281.jpg 1920w, https:\/\/www.agenzia-domus.com\/wp-content\/uploads\/2026\/02\/MG_0701-HDR-1568x1046.jpg 1568w, https:\/\/www.agenzia-domus.com\/wp-content\/uploads\/2026\/02\/MG_0701-HDR.jpg 2000w\" sizes=\"auto, (max-width: 750px) 100vw, 750px\" style=\"width:100%;height:66.7%;max-width:2000px;\" \/><\/a><\/div>\n                <span class=\"title\"><a href=\"https:\/\/www.agenzia-domus.com\/it\/property\/ag-dom-a3326-bilocale-in-affitto-transitorio-in-centro-a-bordighera\/\">AG-DOM A3326 &#8211; Bilocale in affitto transitorio in centro a Bordighera<\/a><\/span>\n            <\/li>\n                        <li id=\"post-56114\" class=\"post-56114 property type-property status-publish has-post-thumbnail hentry propertytype-apartment city-bordighera lease_terms-sale entry\">\n\t\t\t\t<div class=\"list-thumb\"><a href=\"https:\/\/www.agenzia-domus.com\/it\/property\/ag-dom-3417-nuovo-bilocale-in-vendita-presso-il-savoy-di-bordighera\/\"><img loading=\"lazy\" decoding=\"async\" width=\"750\" height=\"500\" src=\"https:\/\/www.agenzia-domus.com\/wp-content\/uploads\/2025\/11\/SAVV1289-1024x683.jpg\" class=\"attachment-large size-large wp-post-image\" alt=\"\" srcset=\"https:\/\/www.agenzia-domus.com\/wp-content\/uploads\/2025\/11\/SAVV1289-1024x683.jpg 1024w, https:\/\/www.agenzia-domus.com\/wp-content\/uploads\/2025\/11\/SAVV1289-300x200.jpg 300w, https:\/\/www.agenzia-domus.com\/wp-content\/uploads\/2025\/11\/SAVV1289-500x333.jpg 500w, https:\/\/www.agenzia-domus.com\/wp-content\/uploads\/2025\/11\/SAVV1289-1536x1024.jpg 1536w, https:\/\/www.agenzia-domus.com\/wp-content\/uploads\/2025\/11\/SAVV1289-2048x1366.jpg 2048w, https:\/\/www.agenzia-domus.com\/wp-content\/uploads\/2025\/11\/SAVV1289-1920x1280.jpg 1920w, https:\/\/www.agenzia-domus.com\/wp-content\/uploads\/2025\/11\/SAVV1289-1568x1046.jpg 1568w\" sizes=\"auto, (max-width: 750px) 100vw, 750px\" style=\"width:100%;height:66.68%;max-width:2560px;\" \/><\/a><\/div>\n                <span class=\"title\"><a href=\"https:\/\/www.agenzia-domus.com\/it\/property\/ag-dom-3417-nuovo-bilocale-in-vendita-presso-il-savoy-di-bordighera\/\">AG-DOM 3417 &#8211; Nuovo bilocale in vendita presso il Savoy di Bordighera<\/a><\/span>\n            <\/li>\n                        <li id=\"post-54829\" class=\"post-54829 property type-property status-publish has-post-thumbnail hentry propertytype-apartment city-bordighera lease_terms-sale entry\">\n\t\t\t\t<div class=\"list-thumb\"><a href=\"https:\/\/www.agenzia-domus.com\/it\/property\/ag-dom-4381-bilocale-in-vendita-a-bordighera\/\"><img loading=\"lazy\" decoding=\"async\" width=\"750\" height=\"500\" src=\"https:\/\/www.agenzia-domus.com\/wp-content\/uploads\/2025\/10\/MG_2977-HDR-1024x683.jpg\" class=\"attachment-large size-large wp-post-image\" alt=\"\" srcset=\"https:\/\/www.agenzia-domus.com\/wp-content\/uploads\/2025\/10\/MG_2977-HDR-1024x683.jpg 1024w, https:\/\/www.agenzia-domus.com\/wp-content\/uploads\/2025\/10\/MG_2977-HDR-300x200.jpg 300w, https:\/\/www.agenzia-domus.com\/wp-content\/uploads\/2025\/10\/MG_2977-HDR-500x334.jpg 500w, https:\/\/www.agenzia-domus.com\/wp-content\/uploads\/2025\/10\/MG_2977-HDR-1536x1025.jpg 1536w, https:\/\/www.agenzia-domus.com\/wp-content\/uploads\/2025\/10\/MG_2977-HDR-1920x1281.jpg 1920w, https:\/\/www.agenzia-domus.com\/wp-content\/uploads\/2025\/10\/MG_2977-HDR-1568x1046.jpg 1568w, https:\/\/www.agenzia-domus.com\/wp-content\/uploads\/2025\/10\/MG_2977-HDR.jpg 2000w\" sizes=\"auto, (max-width: 750px) 100vw, 750px\" style=\"width:100%;height:66.7%;max-width:2000px;\" \/><\/a><\/div>\n                <span class=\"title\"><a href=\"https:\/\/www.agenzia-domus.com\/it\/property\/ag-dom-4381-bilocale-in-vendita-a-bordighera\/\">AG-DOM 4381 &#8211; Bilocale in vendita a Bordighera<\/a><\/span>\n            <\/li>\n                        <li id=\"post-51294\" class=\"post-51294 property type-property status-publish has-post-thumbnail hentry propertytype-apartment city-bordighera lease_terms-sale entry\">\n\t\t\t\t<div class=\"list-thumb\"><a href=\"https:\/\/www.agenzia-domus.com\/it\/property\/ag-dom-3407-bilocale-da-ristrutturare-con-garage-e-cantina-in-vendita-a-bordighera\/\"><img loading=\"lazy\" decoding=\"async\" width=\"750\" height=\"375\" src=\"https:\/\/www.agenzia-domus.com\/wp-content\/uploads\/2025\/07\/1-2-1024x512.jpg\" class=\"attachment-large size-large wp-post-image\" alt=\"\" srcset=\"https:\/\/www.agenzia-domus.com\/wp-content\/uploads\/2025\/07\/1-2-1024x512.jpg 1024w, https:\/\/www.agenzia-domus.com\/wp-content\/uploads\/2025\/07\/1-2-300x150.jpg 300w, https:\/\/www.agenzia-domus.com\/wp-content\/uploads\/2025\/07\/1-2-500x250.jpg 500w, https:\/\/www.agenzia-domus.com\/wp-content\/uploads\/2025\/07\/1-2-1536x768.jpg 1536w, https:\/\/www.agenzia-domus.com\/wp-content\/uploads\/2025\/07\/1-2-2048x1024.jpg 2048w, https:\/\/www.agenzia-domus.com\/wp-content\/uploads\/2025\/07\/1-2-1920x960.jpg 1920w, https:\/\/www.agenzia-domus.com\/wp-content\/uploads\/2025\/07\/1-2-1568x784.jpg 1568w\" sizes=\"auto, (max-width: 750px) 100vw, 750px\" style=\"width:100%;height:50%;max-width:2500px;\" \/><\/a><\/div>\n                <span class=\"title\"><a href=\"https:\/\/www.agenzia-domus.com\/it\/property\/ag-dom-3407-bilocale-da-ristrutturare-con-garage-e-cantina-in-vendita-a-bordighera\/\">AG-DOM 3407 &#8211; Bilocale da ristrutturare con garage e cantina in vendita a Bordighera<\/a><\/span>\n            <\/li>\n                    <\/ul>\n    <\/p>","protected":false},"excerpt":{"rendered":"<p>La costa Azzurra \u00e8 la zona costiera di vacanza della Francia pi\u00f9 famosa e rinomata al mondo. Area orientale della costa mediterranea della Francia include Mentone, grazioso paese appena al di l\u00e0 del confine, Monaco, il celebre principato, Nizza, tanto amata dai pittori per la sua luce straordinaria, Antibes dalla quale si vedono contemporaneamente il&hellip; <a class=\"more-link\" href=\"https:\/\/www.agenzia-domus.com\/it\/property\/ag-dom-3407-bilocale-da-ristrutturare-con-garage-e-cantina-in-vendita-a-bordighera\/\">Continua a leggere <span class=\"screen-reader-text\">AG-DOM 3407 &#8211; Bilocale da ristrutturare con garage e cantina in vendita a Bordighera<\/span><\/a><\/p>\n","protected":false},"author":1,"featured_media":0,"parent":0,"menu_order":0,"comment_status":"closed","ping_status":"closed","template":"","meta":{"footnotes":""},"page_category":[1318],"page_tag":[],"class_list":["post-1580","page","type-page","status-publish","hentry","page_category-content-hubs","entry"],"yoast_head":"<!-- This site is optimized with the Yoast SEO plugin v27.3 - https:\/\/yoast.com\/product\/yoast-seo-wordpress\/ -->\n<title>Bilocali in Costa Azzurra<\/title>\n<meta name=\"description\" content=\"Agenzia Domus Bilocali in Costa Azzurra\" \/>\n<meta name=\"robots\" content=\"index, follow, max-snippet:-1, max-image-preview:large, max-video-preview:-1\" \/>\n<link rel=\"canonical\" href=\"https:\/\/www.agenzia-domus.com\/it\/two-room-apartments-in-cote-dazur\/\" \/>\n<meta property=\"og:locale\" content=\"it_IT\" \/>\n<meta property=\"og:type\" content=\"article\" \/>\n<meta property=\"og:title\" content=\"Bilocali in Costa Azzurra\" \/>\n<meta property=\"og:description\" content=\"Agenzia Domus Bilocali in Costa Azzurra\" \/>\n<meta property=\"og:url\" content=\"https:\/\/www.agenzia-domus.com\/it\/two-room-apartments-in-cote-dazur\/\" \/>\n<meta property=\"og:site_name\" content=\"Agenzia Domus\" \/>\n<meta property=\"article:publisher\" content=\"https:\/\/www.facebook.com\/agdomus\/\" \/>\n<meta property=\"article:modified_time\" content=\"2025-08-08T10:11:40+00:00\" \/>\n<meta name=\"twitter:card\" content=\"summary_large_image\" \/>\n<meta name=\"twitter:label1\" content=\"Tempo di lettura stimato\" \/>\n\t<meta name=\"twitter:data1\" content=\"1 minuto\" \/>\n<script type=\"application\/ld+json\" class=\"yoast-schema-graph\">{\"@context\":\"https:\\\/\\\/schema.org\",\"@graph\":[{\"@type\":\"WebPage\",\"@id\":\"https:\\\/\\\/www.agenzia-domus.com\\\/it\\\/two-room-apartments-in-cote-dazur\\\/\",\"url\":\"https:\\\/\\\/www.agenzia-domus.com\\\/it\\\/two-room-apartments-in-cote-dazur\\\/\",\"name\":\"Bilocali in Costa Azzurra\",\"isPartOf\":{\"@id\":\"https:\\\/\\\/www.agenzia-domus.com\\\/it\\\/#website\"},\"datePublished\":\"2017-01-06T23:45:33+00:00\",\"dateModified\":\"2025-08-08T10:11:40+00:00\",\"description\":\"Agenzia Domus Bilocali in Costa Azzurra\",\"breadcrumb\":{\"@id\":\"https:\\\/\\\/www.agenzia-domus.com\\\/it\\\/two-room-apartments-in-cote-dazur\\\/#breadcrumb\"},\"inLanguage\":\"it-IT\",\"potentialAction\":[{\"@type\":\"ReadAction\",\"target\":[[\"https:\\\/\\\/www.agenzia-domus.com\\\/it\\\/two-room-apartments-in-cote-dazur\\\/\"]]}]},{\"@type\":\"BreadcrumbList\",\"@id\":\"https:\\\/\\\/www.agenzia-domus.com\\\/it\\\/two-room-apartments-in-cote-dazur\\\/#breadcrumb\",\"itemListElement\":[{\"@type\":\"ListItem\",\"position\":1,\"name\":\"Home\",\"item\":\"https:\\\/\\\/www.agenzia-domus.com\\\/it\\\/\"},{\"@type\":\"ListItem\",\"position\":2,\"name\":\"Two-Room apartments in Cote d\u2019Azur\"}]},{\"@type\":\"WebSite\",\"@id\":\"https:\\\/\\\/www.agenzia-domus.com\\\/it\\\/#website\",\"url\":\"https:\\\/\\\/www.agenzia-domus.com\\\/it\\\/\",\"name\":\"Agenzia Domus\",\"description\":\"Da oltre 50 anni nel mercato immobiliare\",\"publisher\":{\"@id\":\"https:\\\/\\\/www.agenzia-domus.com\\\/it\\\/#organization\"},\"potentialAction\":[{\"@type\":\"SearchAction\",\"target\":{\"@type\":\"EntryPoint\",\"urlTemplate\":\"https:\\\/\\\/www.agenzia-domus.com\\\/it\\\/?s={search_term_string}\"},\"query-input\":{\"@type\":\"PropertyValueSpecification\",\"valueRequired\":true,\"valueName\":\"search_term_string\"}}],\"inLanguage\":\"it-IT\"},{\"@type\":\"Organization\",\"@id\":\"https:\\\/\\\/www.agenzia-domus.com\\\/it\\\/#organization\",\"name\":\"Agenzia Domus\",\"url\":\"https:\\\/\\\/www.agenzia-domus.com\\\/it\\\/\",\"logo\":{\"@type\":\"ImageObject\",\"inLanguage\":\"it-IT\",\"@id\":\"https:\\\/\\\/www.agenzia-domus.com\\\/it\\\/#\\\/schema\\\/logo\\\/image\\\/\",\"url\":\"https:\\\/\\\/www.agenzia-domus.com\\\/wp-content\\\/uploads\\\/2022\\\/10\\\/cropped-Domus-Logo-blue.png\",\"contentUrl\":\"https:\\\/\\\/www.agenzia-domus.com\\\/wp-content\\\/uploads\\\/2022\\\/10\\\/cropped-Domus-Logo-blue.png\",\"width\":240,\"height\":87,\"caption\":\"Agenzia Domus\"},\"image\":{\"@id\":\"https:\\\/\\\/www.agenzia-domus.com\\\/it\\\/#\\\/schema\\\/logo\\\/image\\\/\"},\"sameAs\":[\"https:\\\/\\\/www.facebook.com\\\/agdomus\\\/\",\"https:\\\/\\\/it.linkedin.com\\\/company\\\/agenzia-domus\",\"https:\\\/\\\/www.instagram.com\\\/agenziadomus\",\"https:\\\/\\\/www.youtube.com\\\/channel\\\/UCbIm796_hjwQTSdw9-5IX3Q\"]}]}<\/script>\n<!-- \/ Yoast SEO plugin. -->","yoast_head_json":{"title":"Bilocali in Costa Azzurra","description":"Agenzia Domus Bilocali in Costa Azzurra","robots":{"index":"index","follow":"follow","max-snippet":"max-snippet:-1","max-image-preview":"max-image-preview:large","max-video-preview":"max-video-preview:-1"},"canonical":"https:\/\/www.agenzia-domus.com\/it\/two-room-apartments-in-cote-dazur\/","og_locale":"it_IT","og_type":"article","og_title":"Bilocali in Costa Azzurra","og_description":"Agenzia Domus Bilocali in Costa Azzurra","og_url":"https:\/\/www.agenzia-domus.com\/it\/two-room-apartments-in-cote-dazur\/","og_site_name":"Agenzia Domus","article_publisher":"https:\/\/www.facebook.com\/agdomus\/","article_modified_time":"2025-08-08T10:11:40+00:00","twitter_card":"summary_large_image","twitter_misc":{"Tempo di lettura stimato":"1 minuto"},"schema":{"@context":"https:\/\/schema.org","@graph":[{"@type":"WebPage","@id":"https:\/\/www.agenzia-domus.com\/it\/two-room-apartments-in-cote-dazur\/","url":"https:\/\/www.agenzia-domus.com\/it\/two-room-apartments-in-cote-dazur\/","name":"Bilocali in Costa Azzurra","isPartOf":{"@id":"https:\/\/www.agenzia-domus.com\/it\/#website"},"datePublished":"2017-01-06T23:45:33+00:00","dateModified":"2025-08-08T10:11:40+00:00","description":"Agenzia Domus Bilocali in Costa Azzurra","breadcrumb":{"@id":"https:\/\/www.agenzia-domus.com\/it\/two-room-apartments-in-cote-dazur\/#breadcrumb"},"inLanguage":"it-IT","potentialAction":[{"@type":"ReadAction","target":[["https:\/\/www.agenzia-domus.com\/it\/two-room-apartments-in-cote-dazur\/"]]}]},{"@type":"BreadcrumbList","@id":"https:\/\/www.agenzia-domus.com\/it\/two-room-apartments-in-cote-dazur\/#breadcrumb","itemListElement":[{"@type":"ListItem","position":1,"name":"Home","item":"https:\/\/www.agenzia-domus.com\/it\/"},{"@type":"ListItem","position":2,"name":"Two-Room apartments in Cote d\u2019Azur"}]},{"@type":"WebSite","@id":"https:\/\/www.agenzia-domus.com\/it\/#website","url":"https:\/\/www.agenzia-domus.com\/it\/","name":"Agenzia Domus","description":"Da oltre 50 anni nel mercato immobiliare","publisher":{"@id":"https:\/\/www.agenzia-domus.com\/it\/#organization"},"potentialAction":[{"@type":"SearchAction","target":{"@type":"EntryPoint","urlTemplate":"https:\/\/www.agenzia-domus.com\/it\/?s={search_term_string}"},"query-input":{"@type":"PropertyValueSpecification","valueRequired":true,"valueName":"search_term_string"}}],"inLanguage":"it-IT"},{"@type":"Organization","@id":"https:\/\/www.agenzia-domus.com\/it\/#organization","name":"Agenzia Domus","url":"https:\/\/www.agenzia-domus.com\/it\/","logo":{"@type":"ImageObject","inLanguage":"it-IT","@id":"https:\/\/www.agenzia-domus.com\/it\/#\/schema\/logo\/image\/","url":"https:\/\/www.agenzia-domus.com\/wp-content\/uploads\/2022\/10\/cropped-Domus-Logo-blue.png","contentUrl":"https:\/\/www.agenzia-domus.com\/wp-content\/uploads\/2022\/10\/cropped-Domus-Logo-blue.png","width":240,"height":87,"caption":"Agenzia Domus"},"image":{"@id":"https:\/\/www.agenzia-domus.com\/it\/#\/schema\/logo\/image\/"},"sameAs":["https:\/\/www.facebook.com\/agdomus\/","https:\/\/it.linkedin.com\/company\/agenzia-domus","https:\/\/www.instagram.com\/agenziadomus","https:\/\/www.youtube.com\/channel\/UCbIm796_hjwQTSdw9-5IX3Q"]}]}},"_links":{"self":[{"href":"https:\/\/www.agenzia-domus.com\/it\/wp-json\/wp\/v2\/pages\/1580","targetHints":{"allow":["GET"]}}],"collection":[{"href":"https:\/\/www.agenzia-domus.com\/it\/wp-json\/wp\/v2\/pages"}],"about":[{"href":"https:\/\/www.agenzia-domus.com\/it\/wp-json\/wp\/v2\/types\/page"}],"author":[{"embeddable":true,"href":"https:\/\/www.agenzia-domus.com\/it\/wp-json\/wp\/v2\/users\/1"}],"replies":[{"embeddable":true,"href":"https:\/\/www.agenzia-domus.com\/it\/wp-json\/wp\/v2\/comments?post=1580"}],"version-history":[{"count":2,"href":"https:\/\/www.agenzia-domus.com\/it\/wp-json\/wp\/v2\/pages\/1580\/revisions"}],"predecessor-version":[{"id":52252,"href":"https:\/\/www.agenzia-domus.com\/it\/wp-json\/wp\/v2\/pages\/1580\/revisions\/52252"}],"wp:attachment":[{"href":"https:\/\/www.agenzia-domus.com\/it\/wp-json\/wp\/v2\/media?parent=1580"}],"wp:term":[{"taxonomy":"page_category","embeddable":true,"href":"https:\/\/www.agenzia-domus.com\/it\/wp-json\/wp\/v2\/page_category?post=1580"},{"taxonomy":"page_tag","embeddable":true,"href":"https:\/\/www.agenzia-domus.com\/it\/wp-json\/wp\/v2\/page_tag?post=1580"}],"curies":[{"name":"wp","href":"https:\/\/api.w.org\/{rel}","templated":true}]}}